{"id":1239,"date":"2022-09-13T18:21:13","date_gmt":"2022-09-13T17:21:13","guid":{"rendered":"https:\/\/dev.institut-prevention-sante-longevite.fr\/?page_id=1239"},"modified":"2026-04-14T15:31:12","modified_gmt":"2026-04-14T14:31:12","slug":"philosophy","status":"publish","type":"page","link":"https:\/\/www.institut-prevention-sante-longevite.fr\/en\/philosophy\/","title":{"rendered":"Philosophy"},"content":{"rendered":"\t\t<div data-elementor-type=\"wp-page\" data-elementor-id=\"1239\" class=\"elementor elementor-1239 elementor-665\" data-elementor-post-type=\"page\">\n\t\t\t\t\t\t<section class=\"elementor-section elementor-top-section elementor-element elementor-element-28df722 elementor-section-full_width elementor-section-height-default elementor-section-height-default\" data-id=\"28df722\" data-element_type=\"section\" data-e-type=\"section\">\n\t\t\t\t\t\t<div class=\"elementor-container elementor-column-gap-default\">\n\t\t\t\t\t<div class=\"elementor-column elementor-col-100 elementor-top-column elementor-element elementor-element-2bd6e92d\" data-id=\"2bd6e92d\" data-element_type=\"column\" data-e-type=\"column\">\n\t\t\t<div class=\"elementor-widget-wrap elementor-element-populated\">\n\t\t\t\t\t\t<div class=\"elementor-element elementor-element-4cd2a629 elementor-widget elementor-widget-image\" data-id=\"4cd2a629\" data-element_type=\"widget\" data-e-type=\"widget\" data-widget_type=\"image.default\">\n\t\t\t\t<div class=\"elementor-widget-container\">\n\t\t\t\t\t\t\t\t\t\t\t\t\t\t\t<img fetchpriority=\"high\" decoding=\"async\" width=\"1920\" height=\"1080\" src=\"https:\/\/i0.wp.com\/www.institut-prevention-sante-longevite.fr\/wp-content\/uploads\/2022\/09\/image-philosophie.jpg?fit=1920%2C1080&amp;ssl=1\" class=\"attachment-full size-full wp-image-1887\" alt=\"vivre en meilleures sant\u00e9\" srcset=\"https:\/\/i0.wp.com\/www.institut-prevention-sante-longevite.fr\/wp-content\/uploads\/2022\/09\/image-philosophie.jpg?w=1920&amp;ssl=1 1920w, https:\/\/i0.wp.com\/www.institut-prevention-sante-longevite.fr\/wp-content\/uploads\/2022\/09\/image-philosophie.jpg?resize=300%2C169&amp;ssl=1 300w, https:\/\/i0.wp.com\/www.institut-prevention-sante-longevite.fr\/wp-content\/uploads\/2022\/09\/image-philosophie.jpg?resize=1024%2C576&amp;ssl=1 1024w, https:\/\/i0.wp.com\/www.institut-prevention-sante-longevite.fr\/wp-content\/uploads\/2022\/09\/image-philosophie.jpg?resize=768%2C432&amp;ssl=1 768w, https:\/\/i0.wp.com\/www.institut-prevention-sante-longevite.fr\/wp-content\/uploads\/2022\/09\/image-philosophie.jpg?resize=1536%2C864&amp;ssl=1 1536w, https:\/\/i0.wp.com\/www.institut-prevention-sante-longevite.fr\/wp-content\/uploads\/2022\/09\/image-philosophie.jpg?w=1600&amp;ssl=1 1600w\" sizes=\"(max-width: 800px) 100vw, 800px\" \/>\t\t\t\t\t\t\t\t\t\t\t\t\t\t\t<\/div>\n\t\t\t\t<\/div>\n\t\t\t\t<div class=\"elementor-element elementor-element-c94292c elementor-absolute elementor-invisible elementor-widget elementor-widget-heading\" data-id=\"c94292c\" data-element_type=\"widget\" data-e-type=\"widget\" data-settings=\"{&quot;_animation&quot;:&quot;fadeInLeft&quot;,&quot;_position&quot;:&quot;absolute&quot;}\" data-widget_type=\"heading.default\">\n\t\t\t\t<div class=\"elementor-widget-container\">\n\t\t\t\t\t<h1 class=\"elementor-heading-title elementor-size-xxl\">Philosophy<\/h1>\t\t\t\t<\/div>\n\t\t\t\t<\/div>\n\t\t\t\t\t<\/div>\n\t\t<\/div>\n\t\t\t\t\t<\/div>\n\t\t<\/section>\n\t\t\t\t<section class=\"elementor-section elementor-top-section elementor-element elementor-element-9ebcbe4 elementor-section-boxed elementor-section-height-default elementor-section-height-default\" data-id=\"9ebcbe4\" data-element_type=\"section\" data-e-type=\"section\">\n\t\t\t\t\t\t<div class=\"elementor-container elementor-column-gap-default\">\n\t\t\t\t\t<div class=\"elementor-column elementor-col-100 elementor-top-column elementor-element elementor-element-568930b\" data-id=\"568930b\" data-element_type=\"column\" data-e-type=\"column\">\n\t\t\t<div class=\"elementor-widget-wrap elementor-element-populated\">\n\t\t\t\t\t\t<div class=\"elementor-element elementor-element-c624d32 elementor-widget elementor-widget-heading\" data-id=\"c624d32\" data-element_type=\"widget\" data-e-type=\"widget\" data-widget_type=\"heading.default\">\n\t\t\t\t<div class=\"elementor-widget-container\">\n\t\t\t\t\t<h3 class=\"elementor-heading-title elementor-size-default\">Philosophy<\/h3>\t\t\t\t<\/div>\n\t\t\t\t<\/div>\n\t\t\t\t<div class=\"elementor-element elementor-element-7d95341 elementor-widget elementor-widget-heading\" data-id=\"7d95341\" data-element_type=\"widget\" data-e-type=\"widget\" data-widget_type=\"heading.default\">\n\t\t\t\t<div class=\"elementor-widget-container\">\n\t\t\t\t\t<h2 class=\"elementor-heading-title elementor-size-default\">LIVING LONGER IN BETTER HEALTH!<\/h2>\t\t\t\t<\/div>\n\t\t\t\t<\/div>\n\t\t\t\t<div class=\"elementor-element elementor-element-defcb7f elementor-widget elementor-widget-text-editor\" data-id=\"defcb7f\" data-element_type=\"widget\" data-e-type=\"widget\" data-widget_type=\"text-editor.default\">\n\t\t\t\t<div class=\"elementor-widget-container\">\n\t\t\t\t\t\t\t\t\t<p>Our health deteriorates from the end of adolescence, in an insidious way and weakens our various physiological systems, thus creating a breeding ground for disease.<br \/>Let&#8217;s not wait until we are ill, let&#8217;s act beforehand and correct the deficits that settle in our body according to our senescence, our lifestyle and our environment.<\/p>\n<p>The Institut Pr\u00e9vention Sant\u00e9 Long\u00e9vit\u00e9 aims to help its consultants live a longer and healthier life.<\/p>\n\t\t\t\t\t\t\t\t<\/div>\n\t\t\t\t<\/div>\n\t\t\t\t\t<\/div>\n\t\t<\/div>\n\t\t\t\t\t<\/div>\n\t\t<\/section>\n\t\t\t\t<section class=\"elementor-section elementor-top-section elementor-element elementor-element-4967b50 elementor-section-boxed elementor-section-height-default elementor-section-height-default\" data-id=\"4967b50\" data-element_type=\"section\" data-e-type=\"section\">\n\t\t\t\t\t\t<div class=\"elementor-container elementor-column-gap-default\">\n\t\t\t\t\t<div class=\"elementor-column elementor-col-50 elementor-top-column elementor-element elementor-element-93222b5\" data-id=\"93222b5\" data-element_type=\"column\" data-e-type=\"column\">\n\t\t\t<div class=\"elementor-widget-wrap elementor-element-populated\">\n\t\t\t\t\t\t<div class=\"elementor-element elementor-element-b1809d7 elementor-widget elementor-widget-heading\" data-id=\"b1809d7\" data-element_type=\"widget\" data-e-type=\"widget\" data-widget_type=\"heading.default\">\n\t\t\t\t<div class=\"elementor-widget-container\">\n\t\t\t\t\t<h3 class=\"elementor-heading-title elementor-size-default\">Towards a New Philosophy of Life<\/h3>\t\t\t\t<\/div>\n\t\t\t\t<\/div>\n\t\t\t\t<div class=\"elementor-element elementor-element-efb6463 elementor-widget elementor-widget-heading\" data-id=\"efb6463\" data-element_type=\"widget\" data-e-type=\"widget\" data-widget_type=\"heading.default\">\n\t\t\t\t<div class=\"elementor-widget-container\">\n\t\t\t\t\t<h2 class=\"elementor-heading-title elementor-size-default\">YOU WILL FEEL BETTER FOR LONGER<\/h2>\t\t\t\t<\/div>\n\t\t\t\t<\/div>\n\t\t\t\t<div class=\"elementor-element elementor-element-7cf2d17 elementor-widget elementor-widget-text-editor\" data-id=\"7cf2d17\" data-element_type=\"widget\" data-e-type=\"widget\" data-widget_type=\"text-editor.default\">\n\t\t\t\t<div class=\"elementor-widget-container\">\n\t\t\t\t\t\t\t\t\t<p style=\"text-align: justify;\">Just watching the years go by and waiting or wishing for retirement in the naive hope of escaping disease is a view of life that must be resolutely outdated. We can and must be actors of our health. This health is our most precious asset, we must always remember. To be in good health, as was rightly said by<br \/>\nAccording to the World Health Organisation in 1946, it is not just a matter of not being ill, but of being in full possession of one&#8217;s physical and mental faculties. It is in fact fighting against senescence<br \/>\nthat has been insidiously degrading us since our late teens. Yes, at 50, you are no longer 20, or 30 or 40 for that matter. At 50, at 60, you can still work, have a sporting activity, love,<br \/>\nmaking plans, but this is different. The time that remains&#8230; or rather the time that is useful for projects, is dwindling, getting shorter&#8230; And the most usual reaction is denial. You have been on a slope for a long time and you keep accelerating downwards. Become aware<br \/>\nFrom this, become aware of the gradual and insidious deterioration of your abilities and stop saying to yourself &#8220;but I am better than my friends of my age&#8230;&#8221;.<\/p>\n<p style=\"text-align: justify;\">A new philosophy of life means becoming aware of who you are physiologically speaking, understanding what your Health Capital is and learning to manage it to optimise it. It is possible to be as fit as a 30 year old at 50. Why deprive yourself of this? Learning to think differently, learning that ageing is nothing but a marker of the passing of time and not a reflection of your senescence, learning to manage your time and your nutrition and not just to consume, learning to manage a sporting activity and not just to sweat, correcting the deficits that appear in your organism&#8230; all of this will allow you to put all the chances on your side to live in full health and longer.<\/p>\n\t\t\t\t\t\t\t\t<\/div>\n\t\t\t\t<\/div>\n\t\t\t\t\t<\/div>\n\t\t<\/div>\n\t\t\t\t<div class=\"elementor-column elementor-col-50 elementor-top-column elementor-element elementor-element-f13f145\" data-id=\"f13f145\" data-element_type=\"column\" data-e-type=\"column\">\n\t\t\t<div class=\"elementor-widget-wrap elementor-element-populated\">\n\t\t\t\t\t\t<div class=\"elementor-element elementor-element-4b90c52 elementor-widget elementor-widget-heading\" data-id=\"4b90c52\" data-element_type=\"widget\" data-e-type=\"widget\" data-widget_type=\"heading.default\">\n\t\t\t\t<div class=\"elementor-widget-container\">\n\t\t\t\t\t<h3 class=\"elementor-heading-title elementor-size-default\">Towards a New Philosophy of Work<\/h3>\t\t\t\t<\/div>\n\t\t\t\t<\/div>\n\t\t\t\t<div class=\"elementor-element elementor-element-39213e6 elementor-widget elementor-widget-heading\" data-id=\"39213e6\" data-element_type=\"widget\" data-e-type=\"widget\" data-widget_type=\"heading.default\">\n\t\t\t\t<div class=\"elementor-widget-container\">\n\t\t\t\t\t<h2 class=\"elementor-heading-title elementor-size-default\">WE ACCOMPANY YOU AND FIND SOLUTIONS FOR YOU<\/h2>\t\t\t\t<\/div>\n\t\t\t\t<\/div>\n\t\t\t\t<div class=\"elementor-element elementor-element-5be26fd elementor-widget elementor-widget-text-editor\" data-id=\"5be26fd\" data-element_type=\"widget\" data-e-type=\"widget\" data-widget_type=\"text-editor.default\">\n\t\t\t\t<div class=\"elementor-widget-container\">\n\t\t\t\t\t\t\t\t\t<p style=\"text-align: center;\"><strong>Corporate Partnership<\/strong><\/p><p style=\"text-align: justify;\">Working just to get a living wage is socially decent, but decidedly outdated. We spend a third of our 24 hours at work and sometimes more, and much more, if you count commuting time. This long period of our lives should be part of a better management of our Health Capital in full agreement with your employer. Better health at work means better efficiency and sustainability. Which company can remain indifferent to this issue? Of course, some companies will prefer to have a classic vision of buying a workforce     <br>(until they run out), but others, on the contrary, will want to participate<br>to a better management of their employee&#8217;s health capital, by encouraging them to participate in adapted and personalised optimisation programmes.<\/p><p style=\"text-align: justify;\">By providing your executives with the health benefits of<br>You will enhance their value and enable them to be healthier, more efficient and longer-lasting. You will thus be part of a <br>the notion of well-being at work, which has become so valuable over the years.<\/p><p style=\"text-align: center;\">If you are a company and want to set up a health partnership with us:<br>Tel : + 33 7 67 65 09 50<br>vd@institut-prevention-sante-longevite.fr*<\/p>\t\t\t\t\t\t\t\t<\/div>\n\t\t\t\t<\/div>\n\t\t\t\t\t<\/div>\n\t\t<\/div>\n\t\t\t\t\t<\/div>\n\t\t<\/section>\n\t\t\t\t<section class=\"elementor-section elementor-top-section elementor-element elementor-element-037dac0 elementor-section-boxed elementor-section-height-default elementor-section-height-default\" data-id=\"037dac0\" data-element_type=\"section\" data-e-type=\"section\">\n\t\t\t\t\t\t<div class=\"elementor-container elementor-column-gap-default\">\n\t\t\t\t\t<div class=\"elementor-column elementor-col-100 elementor-top-column elementor-element elementor-element-8014adb\" data-id=\"8014adb\" data-element_type=\"column\" data-e-type=\"column\">\n\t\t\t<div class=\"elementor-widget-wrap\">\n\t\t\t\t\t\t\t<\/div>\n\t\t<\/div>\n\t\t\t\t\t<\/div>\n\t\t<\/section>\n\t\t\t\t<\/div>\n\t\t","protected":false},"excerpt":{"rendered":"<p>Philosophy Philosophy LIVING LONGER IN BETTER HEALTH! Our health deteriorates from the end of adolescence, in an insidious way and weakens our various physiological systems, thus creating a breeding ground for disease.Let&#8217;s not wait until we are ill, let&#8217;s act beforehand and correct the deficits that settle in our body according to our senescence, our [&hellip;]<\/p>\n","protected":false},"author":4,"featured_media":0,"parent":0,"menu_order":0,"comment_status":"closed","ping_status":"closed","template":"","meta":{"_acf_changed":false,"footnotes":""},"class_list":["post-1239","page","type-page","status-publish","hentry"],"acf":[],"jetpack_sharing_enabled":true,"_links":{"self":[{"href":"https:\/\/www.institut-prevention-sante-longevite.fr\/en\/wp-json\/wp\/v2\/pages\/1239","targetHints":{"allow":["GET"]}}],"collection":[{"href":"https:\/\/www.institut-prevention-sante-longevite.fr\/en\/wp-json\/wp\/v2\/pages"}],"about":[{"href":"https:\/\/www.institut-prevention-sante-longevite.fr\/en\/wp-json\/wp\/v2\/types\/page"}],"author":[{"embeddable":true,"href":"https:\/\/www.institut-prevention-sante-longevite.fr\/en\/wp-json\/wp\/v2\/users\/4"}],"replies":[{"embeddable":true,"href":"https:\/\/www.institut-prevention-sante-longevite.fr\/en\/wp-json\/wp\/v2\/comments?post=1239"}],"version-history":[{"count":15,"href":"https:\/\/www.institut-prevention-sante-longevite.fr\/en\/wp-json\/wp\/v2\/pages\/1239\/revisions"}],"predecessor-version":[{"id":5590,"href":"https:\/\/www.institut-prevention-sante-longevite.fr\/en\/wp-json\/wp\/v2\/pages\/1239\/revisions\/5590"}],"wp:attachment":[{"href":"https:\/\/www.institut-prevention-sante-longevite.fr\/en\/wp-json\/wp\/v2\/media?parent=1239"}],"curies":[{"name":"wp","href":"https:\/\/api.w.org\/{rel}","templated":true}]}}