{"id":2774,"date":"2022-12-06T15:55:22","date_gmt":"2022-12-06T14:55:22","guid":{"rendered":"https:\/\/www.institut-prevention-sante-longevite.fr\/?page_id=2774"},"modified":"2026-04-30T19:47:00","modified_gmt":"2026-04-30T18:47:00","slug":"nuestros-chequeos","status":"publish","type":"page","link":"https:\/\/www.institut-prevention-sante-longevite.fr\/es\/nuestros-chequeos\/","title":{"rendered":"Nuestros Chequeos"},"content":{"rendered":"\t\t<div data-elementor-type=\"wp-page\" data-elementor-id=\"2774\" class=\"elementor elementor-2774 elementor-195\" data-elementor-post-type=\"page\">\n\t\t\t\t\t\t<section class=\"elementor-section elementor-top-section elementor-element elementor-element-5887d1d0 elementor-section-full_width elementor-section-height-default elementor-section-height-default\" data-id=\"5887d1d0\" data-element_type=\"section\" data-e-type=\"section\">\n\t\t\t\t\t\t<div class=\"elementor-container elementor-column-gap-default\">\n\t\t\t\t\t<div class=\"elementor-column elementor-col-100 elementor-top-column elementor-element elementor-element-461340b1\" data-id=\"461340b1\" data-element_type=\"column\" data-e-type=\"column\">\n\t\t\t<div class=\"elementor-widget-wrap elementor-element-populated\">\n\t\t\t\t\t\t<div class=\"elementor-element elementor-element-1269c62a elementor-widget elementor-widget-image\" data-id=\"1269c62a\" data-element_type=\"widget\" data-e-type=\"widget\" data-widget_type=\"image.default\">\n\t\t\t\t<div class=\"elementor-widget-container\">\n\t\t\t\t\t\t\t\t\t\t\t\t\t\t\t<img decoding=\"async\" src=\"https:\/\/i0.wp.com\/www.institut-prevention-sante-longevite.fr\/wp-content\/uploads\/2022\/09\/Bilans-2.jpg?fit=1920%2C1080&#038;ssl=1\" title=\"IPSL bilans\" alt=\"Bilans\" loading=\"lazy\" \/>\t\t\t\t\t\t\t\t\t\t\t\t\t\t\t<\/div>\n\t\t\t\t<\/div>\n\t\t\t\t<div class=\"elementor-element elementor-element-c108ff9 elementor-absolute elementor-invisible elementor-widget elementor-widget-heading\" data-id=\"c108ff9\" data-element_type=\"widget\" data-e-type=\"widget\" data-settings=\"{&quot;_animation&quot;:&quot;fadeInLeft&quot;,&quot;_position&quot;:&quot;absolute&quot;}\" data-widget_type=\"heading.default\">\n\t\t\t\t<div class=\"elementor-widget-container\">\n\t\t\t\t\t<h1 class=\"elementor-heading-title elementor-size-xxl\">NUESTROS CHEQUEOS<\/h1>\t\t\t\t<\/div>\n\t\t\t\t<\/div>\n\t\t\t\t\t<\/div>\n\t\t<\/div>\n\t\t\t\t\t<\/div>\n\t\t<\/section>\n\t\t\t\t<section class=\"elementor-section elementor-top-section elementor-element elementor-element-6c005f7d elementor-section-boxed elementor-section-height-default elementor-section-height-default\" data-id=\"6c005f7d\" data-element_type=\"section\" data-e-type=\"section\">\n\t\t\t\t\t\t<div class=\"elementor-container elementor-column-gap-custom\">\n\t\t\t\t\t<div class=\"elementor-column elementor-col-100 elementor-top-column elementor-element elementor-element-20afce30\" data-id=\"20afce30\" data-element_type=\"column\" data-e-type=\"column\">\n\t\t\t<div class=\"elementor-widget-wrap elementor-element-populated\">\n\t\t\t\t\t\t<div class=\"elementor-element elementor-element-69bf1062 elementor-widget elementor-widget-text-editor\" data-id=\"69bf1062\" data-element_type=\"widget\" data-e-type=\"widget\" data-widget_type=\"text-editor.default\">\n\t\t\t\t<div class=\"elementor-widget-container\">\n\t\t\t\t\t\t\t\t\t<p style=\"text-align: center;\">Gestionar el Capital Salud de un ser humano, con una visi\u00f3n de optimizar su salud y longevidad, \u00a1no puede hacerse al azar!<\/p>\n<p style=\"text-align: center;\">\n<p style=\"text-align: center;\">El Institut Pr\u00e9vention Sant\u00e9 Long\u00e9vit\u00e9 ofrece a sus clientes 3 tipos de evaluaci\u00f3n de la salud y la prevenci\u00f3n basados en tecnolog\u00edas fisiol\u00f3gicas modernas. La fisiolog\u00eda es la ciencia que estudia el funcionamiento normal del cuerpo humano y permite optimizarlo. Son t\u00e9cnicas m\u00e9dicas de alta tecnolog\u00eda adaptadas a la evaluaci\u00f3n fisiol\u00f3gica.<\/p>\n<p style=\"text-align: center;\">\n<p style=\"text-align: center;\">La elecci\u00f3n del tipo de evaluaci\u00f3n m\u00e1s adecuado a sus necesidades se realiza durante la primera consulta con un m\u00e9dico especializado en fisiolog\u00eda y senectud humana.<\/p>\n<p style=\"text-align: center;\">\n<p style=\"text-align: center;\">Estas pruebas fisiol\u00f3gicas son exclusivas de nuestro establecimiento con equipos de alta tecnolog\u00eda configurados especialmente para el Institut Pr\u00e9vention Sant\u00e9 Long\u00e9vit\u00e9, tecnolog\u00edas agrupadas en un mismo lugar. Esta plataforma t\u00e9cnica es \u00fanica en Europa.<\/p>\n\t\t\t\t\t\t\t\t<\/div>\n\t\t\t\t<\/div>\n\t\t\t\t\t<\/div>\n\t\t<\/div>\n\t\t\t\t\t<\/div>\n\t\t<\/section>\n\t\t\t\t<section class=\"elementor-section elementor-top-section elementor-element elementor-element-5ea18724 elementor-section-boxed elementor-section-height-default elementor-section-height-default\" data-id=\"5ea18724\" data-element_type=\"section\" data-e-type=\"section\">\n\t\t\t\t\t\t<div class=\"elementor-container elementor-column-gap-custom\">\n\t\t\t\t\t<div class=\"elementor-column elementor-col-33 elementor-top-column elementor-element elementor-element-60e57200\" data-id=\"60e57200\" data-element_type=\"column\" data-e-type=\"column\">\n\t\t\t<div class=\"elementor-widget-wrap elementor-element-populated\">\n\t\t\t\t\t\t<div class=\"elementor-element elementor-element-726e85f elementor-widget elementor-widget-heading\" data-id=\"726e85f\" data-element_type=\"widget\" data-e-type=\"widget\" data-widget_type=\"heading.default\">\n\t\t\t\t<div class=\"elementor-widget-container\">\n\t\t\t\t\t<h2 class=\"elementor-heading-title elementor-size-default\">Chequeo inicial<\/h2>\t\t\t\t<\/div>\n\t\t\t\t<\/div>\n\t\t\t\t<div class=\"elementor-element elementor-element-3c25d81c elementor-widget elementor-widget-text-editor\" data-id=\"3c25d81c\" data-element_type=\"widget\" data-e-type=\"widget\" data-widget_type=\"text-editor.default\">\n\t\t\t\t<div class=\"elementor-widget-container\">\n\t\t\t\t\t\t\t\t\t<p>Este es un chequeo para todas aquellas personas que deseen analizar seriamente su capital de salud. Este chequeo base incluye la medici\u00f3n de par\u00e1metros sangu\u00edneos y urinarios, una evaluaci\u00f3n de los principales sistemas fisiol\u00f3gicos, una consulta m\u00e9dica, una consulta con un dietista especializado y una sesi\u00f3n con nuestro coach de salud y longevidad. Todo el proceso dura unas 5,5 horas en total.<\/p>\n<p>La evaluaci\u00f3n b\u00e1sica incluye los siguientes ex\u00e1menes:<\/p>\n<p><strong><em>Par\u00e1metros Biol\u00f3gicos:<\/em><\/strong><\/p>\n<ul>\n<li>Par\u00e1metros biol\u00f3gicos b\u00e1sicos (hematolog\u00eda, funci\u00f3n hep\u00e1tica, funci\u00f3n renal, etc.) que se encuentran generalmente en los \u00abchequeos m\u00e9dicos dicho completo\u00bb.<\/li>\n<li>Par\u00e1metros vasculares (nivel b\u00e1sico)<\/li>\n<li>Par\u00e1metros del metabolismo de la glucosa (nivel b\u00e1sico)<\/li>\n<li>Par\u00e1metros del estr\u00e9s oxidante y la capacidad antioxidante (nivel b\u00e1sico)<\/li>\n<li>Par\u00e1metros neuroendocrinos (nivel b\u00e1sico)<\/li>\n<li>Metabolismo fosfoc\u00e1lcico<\/li>\n<li>Par\u00e1metros pancre\u00e1ticos<\/li>\n<li>Par\u00e1metros de inflamaci\u00f3n (nivel b\u00e1sico)<\/li>\n<li>Par\u00e1metros de inmunidad (nivel b\u00e1sico)<\/li>\n<\/ul>\n<p><strong><em>Par\u00e1metros Fisiol\u00f3gicos<\/em><\/strong><\/p>\n<p>Medidas antropom\u00e9tricas<\/p>\n<ul>\n<li>Medici\u00f3n de la composici\u00f3n corporal (masa grasa, grasa visceral, masa magra, densidad hueso, etc.)<\/li>\n<li>Perfil de presi\u00f3n arterial en reposo (presi\u00f3n arterial sist\u00f3lica, media, diast\u00f3lica y frecuencia card\u00edaca) y ortost\u00e1tica.<\/li>\n<li>Estudio de la rigidez arterial carotido-femoral y carotido-radial<\/li>\n<li>Estudio de los potenciales cognitivos evocados<\/li>\n<li>Electrocardiograma con evaluaci\u00f3n del sistema de conducci\u00f3n<\/li>\n<li>Pruebas funcionales respiratorias con oximetr\u00eda<\/li>\n<\/ul>\n<p>Posteriormente, todos los resultados se interpretan en una consulta de s\u00edntesis, completada con una consulta con nuestra dietista especializada y con una sesi\u00f3n de educaci\u00f3n f\u00edsica \u00absalud y longevidad\u00bb con nuestro entrenador, ofreci\u00e9ndole as\u00ed una serie de consejos personalizados y pudiendo fijar los objetivos adecuados.<\/p>\n\t\t\t\t\t\t\t\t<\/div>\n\t\t\t\t<\/div>\n\t\t\t\t\t<\/div>\n\t\t<\/div>\n\t\t\t\t<div class=\"elementor-column elementor-col-33 elementor-top-column elementor-element elementor-element-6909af87\" data-id=\"6909af87\" data-element_type=\"column\" data-e-type=\"column\">\n\t\t\t<div class=\"elementor-widget-wrap elementor-element-populated\">\n\t\t\t\t\t\t<div class=\"elementor-element elementor-element-7cb91e50 elementor-widget elementor-widget-heading\" data-id=\"7cb91e50\" data-element_type=\"widget\" data-e-type=\"widget\" data-widget_type=\"heading.default\">\n\t\t\t\t<div class=\"elementor-widget-container\">\n\t\t\t\t\t<h2 class=\"elementor-heading-title elementor-size-default\">Chequeo Esencial<\/h2>\t\t\t\t<\/div>\n\t\t\t\t<\/div>\n\t\t\t\t<div class=\"elementor-element elementor-element-2aa555dc elementor-widget elementor-widget-text-editor\" data-id=\"2aa555dc\" data-element_type=\"widget\" data-e-type=\"widget\" data-widget_type=\"text-editor.default\">\n\t\t\t\t<div class=\"elementor-widget-container\">\n\t\t\t\t\t\t\t\t\t<p>Esta evaluaci\u00f3n est\u00e1 dirigida a las personas que quieren saber m\u00e1s sobre su salud y que desean tomar el control de su longevidad mediante un programa de prevenci\u00f3n \u00fanico en el mundo.<\/p>\n<p>Este chequeo est\u00e1ndar dura unas 7 horas en total.<\/p>\n<p>Incluye los siguientes ex\u00e1menes:<\/p>\n<p><strong><em>Par\u00e1metros Biol\u00f3gicos:<\/em><\/strong><\/p>\n<ul>\n<li>Par\u00e1metros de laboratorio b\u00e1sicos (hematolog\u00eda, funci\u00f3n hep\u00e1tica, funci\u00f3n renal, etc&#8230;)<\/li>\n<li>Par\u00e1metros vasculares (nivel est\u00e1ndar)<\/li>\n<li>Par\u00e1metros del metabolismo de la glucosa (nivel est\u00e1ndar)<\/li>\n<li>Par\u00e1metros de estr\u00e9s oxidativo y capacidad antioxidante (nivel est\u00e1ndar)<\/li>\n<li>Par\u00e1metros neuroendocrinos (nivel est\u00e1ndar)<\/li>\n<li>Metabolismo fosfoc\u00e1lcico<\/li>\n<li>Par\u00e1metros del metabolismo pancre\u00e1tico:<\/li>\n<li>Par\u00e1metros del metabolismo muscular<\/li>\n<li>Par\u00e1metros de la ignici\u00f3n (nivel est\u00e1ndar)<\/li>\n<li>Par\u00e1metros de inmunidad (nivel est\u00e1ndar)<\/li>\n<\/ul>\n<p><strong><em>Par\u00e1metros Fisiol\u00f3gicos<\/em><\/strong><\/p>\n<ul>\n<li>Medidas antropom\u00e9tricas<\/li>\n<li>Medici\u00f3n de la composici\u00f3n corporal (masa grasa, grasa visceral, masa magra, densidad hueso, etc.)<\/li>\n<li>Perfil de presi\u00f3n arterial inm\u00f3vil (presi\u00f3n arterial sist\u00f3lica, media, diast\u00f3lica y frecuencia card\u00edaca) y ortost\u00e1tica.<\/li>\n<li>Estudio de la rigidez arterial carotido-femoral y carotido-radial<\/li>\n<li>Estudio de resistencias vasculares arteriales, gasto card\u00edaco, cumplimiento a\u00f3rtico, etc.<\/li>\n<li>Estudio de los potenciales cognitivos evocados<\/li>\n<li>Electrocardiograma con evaluaci\u00f3n del sistema de conducci\u00f3n<\/li>\n<li>Pruebas funcionales respiratorias con oximetr\u00eda<\/li>\n<li>Par\u00e1metros auditivos de 4.000 a 20.000 Hertz<\/li>\n<li>Medici\u00f3n de la presi\u00f3n intraocular y del cumplimiento corneal<\/li>\n<li>Prueba de memoria<\/li>\n<li>Par\u00e1metros cut\u00e1neos (hidrataci\u00f3n, espesor de la dermis, vascularizaci\u00f3n&#8230;)<\/li>\n<\/ul>\n<p>A posteriori, todos los resultados se interpretan en una consulta de s\u00edntesis completada por una consulta con nuestro dietista y por una sesi\u00f3n de educaci\u00f3n f\u00edsica \u00absalud y longevidad\u00bb con nuestro entrenador, y nos permitir\u00e1 proporcionar una serie de consejos personalizados y fijar objetivos adaptados.<\/p>\n\t\t\t\t\t\t\t\t<\/div>\n\t\t\t\t<\/div>\n\t\t\t\t\t<\/div>\n\t\t<\/div>\n\t\t\t\t<div class=\"elementor-column elementor-col-33 elementor-top-column elementor-element elementor-element-189d4597\" data-id=\"189d4597\" data-element_type=\"column\" data-e-type=\"column\">\n\t\t\t<div class=\"elementor-widget-wrap elementor-element-populated\">\n\t\t\t\t\t\t<div class=\"elementor-element elementor-element-9a54612 elementor-widget elementor-widget-heading\" data-id=\"9a54612\" data-element_type=\"widget\" data-e-type=\"widget\" data-widget_type=\"heading.default\">\n\t\t\t\t<div class=\"elementor-widget-container\">\n\t\t\t\t\t<h2 class=\"elementor-heading-title elementor-size-default\">Chequeo Avanzado<\/h2>\t\t\t\t<\/div>\n\t\t\t\t<\/div>\n\t\t\t\t<div class=\"elementor-element elementor-element-74f92dbd elementor-widget elementor-widget-text-editor\" data-id=\"74f92dbd\" data-element_type=\"widget\" data-e-type=\"widget\" data-widget_type=\"text-editor.default\">\n\t\t\t\t<div class=\"elementor-widget-container\">\n\t\t\t\t\t\t\t\t\tEsta consulta est\u00e1 dise\u00f1ada para personas que buscan respuestas en profundidad sobre su fisiolog\u00eda, su capital de salud y su capacidad para envejecer lo mejor posible. Esta evaluaci\u00f3n incluye una amplia gama de ex\u00e1menes biol\u00f3gicos y fisiol\u00f3gicos. Incorpora variables \u00fanicas, propias de cada individuo, que responden a peticiones o problemas espec\u00edficos de su cuerpo. Esta prueba es \u00fanica en el mundo y no se realiza en ning\u00fan otro lugar.\r\n\r\nLa duraci\u00f3n total de esta evaluaci\u00f3n avanzada es de aproximadamente 12 horas e incluye las siguientes pruebas\r\n\r\n<strong><em>Par\u00e1metros Biol\u00f3gicos:<\/em><\/strong>\r\n<ul>\r\n \t<li>Par\u00e1metros biol\u00f3gicos b\u00e1sicos (hematolog\u00eda, funci\u00f3n hep\u00e1tica, funci\u00f3n renal, etc&#8230;) que se encuentran generalmente en los \u00abchequeos m\u00e9dicos dicen completo\u00bb.<\/li>\r\n \t<li>Par\u00e1metros vasculares (nivel avanzado)<\/li>\r\n \t<li>Par\u00e1metros del metabolismo de la glucosa (nivel avanzado)<\/li>\r\n \t<li>Par\u00e1metros de estr\u00e9s oxidativo y capacidad antioxidante (nivel avanzado)<\/li>\r\n \t<li>Par\u00e1metros neuroendocrinos (nivel avanzado)<\/li>\r\n \t<li>Estudio del metabolismo fosfoc\u00e1lcico<\/li>\r\n \t<li>Par\u00e1metros pancre\u00e1ticos<\/li>\r\n \t<li>Par\u00e1metros de inflamaci\u00f3n (nivel avanzado)<\/li>\r\n \t<li>Par\u00e1metros de inmunidad (nivel avanzado)<\/li>\r\n \t<li>Par\u00e1metros card\u00edacos (nivel avanzado)<\/li>\r\n \t<li>Par\u00e1metros de la coagulaci\u00f3n<\/li>\r\n \t<li>Perfil de los marcadores tumorales<\/li>\r\n \t<li>Intolerancias digestivas<\/li>\r\n \t<li>Longitud de los tel\u00f3meros<\/li>\r\n \t<li>Par\u00e1metros al\u00e9rgicos<\/li>\r\n \t<li>Par\u00e1metros de neurotransmisores sangu\u00edneos y urinarios<\/li>\r\n \t<li>Perfiles de metales pesados<\/li>\r\n<\/ul>\r\n<strong><em>Par\u00e1metros Fisiol\u00f3gicos<\/em><\/strong>\r\n<ul>\r\n \t<li>Medidas antropom\u00e9tricas<\/li>\r\n \t<li>Medici\u00f3n de la composici\u00f3n corporal (masa grasa, grasa visceral, masa magra, densidad hueso, etc.)<\/li>\r\n \t<li>Perfil de presi\u00f3n arterial en reposo (presi\u00f3n arterial sist\u00f3lica, media, diast\u00f3lica y frecuencia card\u00edaca) y ortost\u00e1tica.<\/li>\r\n \t<li>Estudio de la rigidez arterial carotido-femoral y carotido-radial<\/li>\r\n \t<li>Estudio de resistencias vasculares arteriales, gasto card\u00edaco, cumplimiento a\u00f3rtico, etc.<\/li>\r\n \t<li>Medida grado de calcificaci\u00f3n a\u00f3rtica<\/li>\r\n \t<li>Potenciales evocados cognitivos<\/li>\r\n \t<li>Potenciales evocados visuales<\/li>\r\n \t<li>Cartograf\u00eda cerebral con estudio de los espectros de actividad cerebral por zonas topogr\u00e1ficas<\/li>\r\n \t<li>Electrocardiograma con evaluaci\u00f3n del sistema de conducci\u00f3n<\/li>\r\n \t<li>Pruebas funcionales respiratorias con oximetr\u00eda<\/li>\r\n \t<li>Par\u00e1metros auditivos de 4.000 a 20.000 Hertz<\/li>\r\n \t<li>Medici\u00f3n de la presi\u00f3n intraocular y del cumplimiento corneal<\/li>\r\n \t<li>Pruebas de memoria y otras pruebas cognitivas<\/li>\r\n \t<li>Estudio de los par\u00e1metros cut\u00e1neos (hidrataci\u00f3n, espesor de la dermis, vascularizaci\u00f3n&#8230;)<\/li>\r\n \t<li>Medici\u00f3n del metabolismo de base<\/li>\r\n \t<li>Evaluaci\u00f3n de los perfiles card\u00edaco, tensional, respiratorio, arterioso y metab\u00f3lico al esfuerzo.<\/li>\r\n \t<li>Estudio de los sistemas arteriales por eco-doppler<\/li>\r\n \t<li>Estudios Holter ECG y Tensional<\/li>\r\n<\/ul>\r\nTodos los resultados se interpretan a continuaci\u00f3n en una consulta a largo plazo, que se completa con una asesor\u00eda con nuestro dietista y una sesi\u00f3n de educaci\u00f3n f\u00edsica \u00absalud y longevidad\u00bb con nuestro entrenador, lo que nos permitir\u00e1 brindar un conjunto de consejos personalizados y fijar objetivos adaptados.\t\t\t\t\t\t\t\t<\/div>\n\t\t\t\t<\/div>\n\t\t\t\t\t<\/div>\n\t\t<\/div>\n\t\t\t\t\t<\/div>\n\t\t<\/section>\n\t\t\t\t<section class=\"elementor-section elementor-top-section elementor-element elementor-element-582124e7 elementor-section-boxed elementor-section-height-default elementor-section-height-default\" data-id=\"582124e7\" data-element_type=\"section\" data-e-type=\"section\">\n\t\t\t\t\t\t<div class=\"elementor-container elementor-column-gap-custom\">\n\t\t\t\t\t<div class=\"elementor-column elementor-col-100 elementor-top-column elementor-element elementor-element-553c437e\" data-id=\"553c437e\" data-element_type=\"column\" data-e-type=\"column\">\n\t\t\t<div class=\"elementor-widget-wrap elementor-element-populated\">\n\t\t\t\t\t\t<div class=\"elementor-element elementor-element-2553abd8 elementor-widget elementor-widget-heading\" data-id=\"2553abd8\" data-element_type=\"widget\" data-e-type=\"widget\" data-widget_type=\"heading.default\">\n\t\t\t\t<div class=\"elementor-widget-container\">\n\t\t\t\t\t<h4 class=\"elementor-heading-title elementor-size-default\">Durante la primera consulta con el m\u00e9dico, podr\u00e1 escoger la evaluaci\u00f3n m\u00e1s adecuada para usted, en funci\u00f3n de su situaci\u00f3n personal y de los objetivos que desee alcanzar.<\/h4>\t\t\t\t<\/div>\n\t\t\t\t<\/div>\n\t\t\t\t<div class=\"elementor-element elementor-element-74c2de1b elementor-widget elementor-widget-text-editor\" data-id=\"74c2de1b\" data-element_type=\"widget\" data-e-type=\"widget\" data-widget_type=\"text-editor.default\">\n\t\t\t\t<div class=\"elementor-widget-container\">\n\t\t\t\t\t\t\t\t\t<p>Todos los datos personales recogidos son completamente confidenciales y no participan en ninguna base de datos nacional o internacional. Por otra parte, estos datos, una vez anonimizados, se incluyen en nuestra base de datos fisiol\u00f3gicos, que lleva m\u00e1s de 25 a\u00f1os creciendo y nos permite ofrecerle el asesoramiento m\u00e1s adecuado seg\u00fan su perfil. Estos consejos se adaptan peri\u00f3dicamente en funci\u00f3n de los nuevos datos cient\u00edficos.<\/p>\n<p>&nbsp;<\/p>\n<p>&nbsp;<\/p>\n<p style=\"text-align: center;\">Para obtener m\u00e1s informaci\u00f3n sobre nuestros balances, descargue el folleto a continuaci\u00f3n:<\/p>\n\t\t\t\t\t\t\t\t<\/div>\n\t\t\t\t<\/div>\n\t\t\t\t\t<\/div>\n\t\t<\/div>\n\t\t\t\t\t<\/div>\n\t\t<\/section>\n\t\t\t\t<\/div>\n\t\t","protected":false},"excerpt":{"rendered":"<p>NUESTROS CHEQUEOS Gestionar el Capital Salud de un ser humano, con una visi\u00f3n de optimizar su salud y longevidad, \u00a1no puede hacerse al azar! El Institut Pr\u00e9vention Sant\u00e9 Long\u00e9vit\u00e9 ofrece a sus clientes 3 tipos de evaluaci\u00f3n de la salud y la prevenci\u00f3n basados en tecnolog\u00edas fisiol\u00f3gicas modernas. La fisiolog\u00eda es la ciencia que estudia [&hellip;]<\/p>\n","protected":false},"author":1,"featured_media":0,"parent":0,"menu_order":0,"comment_status":"closed","ping_status":"closed","template":"","meta":{"_acf_changed":false,"footnotes":""},"class_list":["post-2774","page","type-page","status-publish","hentry"],"acf":[],"jetpack_sharing_enabled":true,"_links":{"self":[{"href":"https:\/\/www.institut-prevention-sante-longevite.fr\/es\/wp-json\/wp\/v2\/pages\/2774","targetHints":{"allow":["GET"]}}],"collection":[{"href":"https:\/\/www.institut-prevention-sante-longevite.fr\/es\/wp-json\/wp\/v2\/pages"}],"about":[{"href":"https:\/\/www.institut-prevention-sante-longevite.fr\/es\/wp-json\/wp\/v2\/types\/page"}],"author":[{"embeddable":true,"href":"https:\/\/www.institut-prevention-sante-longevite.fr\/es\/wp-json\/wp\/v2\/users\/1"}],"replies":[{"embeddable":true,"href":"https:\/\/www.institut-prevention-sante-longevite.fr\/es\/wp-json\/wp\/v2\/comments?post=2774"}],"version-history":[{"count":7,"href":"https:\/\/www.institut-prevention-sante-longevite.fr\/es\/wp-json\/wp\/v2\/pages\/2774\/revisions"}],"predecessor-version":[{"id":6122,"href":"https:\/\/www.institut-prevention-sante-longevite.fr\/es\/wp-json\/wp\/v2\/pages\/2774\/revisions\/6122"}],"wp:attachment":[{"href":"https:\/\/www.institut-prevention-sante-longevite.fr\/es\/wp-json\/wp\/v2\/media?parent=2774"}],"curies":[{"name":"wp","href":"https:\/\/api.w.org\/{rel}","templated":true}]}}