{"id":2789,"date":"2022-12-06T16:38:03","date_gmt":"2022-12-06T15:38:03","guid":{"rendered":"https:\/\/www.institut-prevention-sante-longevite.fr\/es\/filosofia\/"},"modified":"2026-05-07T02:17:00","modified_gmt":"2026-05-07T01:17:00","slug":"filosofia","status":"publish","type":"page","link":"https:\/\/www.institut-prevention-sante-longevite.fr\/es\/filosofia\/","title":{"rendered":"Filosof\u00eda"},"content":{"rendered":"\t\t<div data-elementor-type=\"wp-page\" data-elementor-id=\"2789\" class=\"elementor elementor-2789 elementor-665\" data-elementor-post-type=\"page\">\n\t\t\t\t\t\t<section class=\"elementor-section elementor-top-section elementor-element elementor-element-28df722 elementor-section-full_width elementor-section-height-default elementor-section-height-default\" data-id=\"28df722\" data-element_type=\"section\" data-e-type=\"section\">\n\t\t\t\t\t\t<div class=\"elementor-container elementor-column-gap-default\">\n\t\t\t\t\t<div class=\"elementor-column elementor-col-100 elementor-top-column elementor-element elementor-element-2bd6e92d\" data-id=\"2bd6e92d\" data-element_type=\"column\" data-e-type=\"column\">\n\t\t\t<div class=\"elementor-widget-wrap elementor-element-populated\">\n\t\t\t\t\t\t<div class=\"elementor-element elementor-element-4cd2a629 elementor-widget elementor-widget-image\" data-id=\"4cd2a629\" data-element_type=\"widget\" data-e-type=\"widget\" data-widget_type=\"image.default\">\n\t\t\t\t<div class=\"elementor-widget-container\">\n\t\t\t\t\t\t\t\t\t\t\t\t\t\t\t<img fetchpriority=\"high\" decoding=\"async\" width=\"1920\" height=\"1080\" src=\"https:\/\/i0.wp.com\/www.institut-prevention-sante-longevite.fr\/wp-content\/uploads\/2022\/09\/image-philosophie.jpg?fit=1920%2C1080&amp;ssl=1\" class=\"attachment-full size-full wp-image-1889\" alt=\"vivre en meilleures sant\u00e9\" srcset=\"https:\/\/i0.wp.com\/www.institut-prevention-sante-longevite.fr\/wp-content\/uploads\/2022\/09\/image-philosophie.jpg?w=1920&amp;ssl=1 1920w, https:\/\/i0.wp.com\/www.institut-prevention-sante-longevite.fr\/wp-content\/uploads\/2022\/09\/image-philosophie.jpg?resize=300%2C169&amp;ssl=1 300w, https:\/\/i0.wp.com\/www.institut-prevention-sante-longevite.fr\/wp-content\/uploads\/2022\/09\/image-philosophie.jpg?resize=1024%2C576&amp;ssl=1 1024w, https:\/\/i0.wp.com\/www.institut-prevention-sante-longevite.fr\/wp-content\/uploads\/2022\/09\/image-philosophie.jpg?resize=768%2C432&amp;ssl=1 768w, https:\/\/i0.wp.com\/www.institut-prevention-sante-longevite.fr\/wp-content\/uploads\/2022\/09\/image-philosophie.jpg?resize=1536%2C864&amp;ssl=1 1536w, https:\/\/i0.wp.com\/www.institut-prevention-sante-longevite.fr\/wp-content\/uploads\/2022\/09\/image-philosophie.jpg?w=1600&amp;ssl=1 1600w\" sizes=\"(max-width: 800px) 100vw, 800px\" \/>\t\t\t\t\t\t\t\t\t\t\t\t\t\t\t<\/div>\n\t\t\t\t<\/div>\n\t\t\t\t<div class=\"elementor-element elementor-element-c94292c elementor-absolute elementor-invisible elementor-widget elementor-widget-heading\" data-id=\"c94292c\" data-element_type=\"widget\" data-e-type=\"widget\" data-settings=\"{&quot;_animation&quot;:&quot;fadeInLeft&quot;,&quot;_position&quot;:&quot;absolute&quot;}\" data-widget_type=\"heading.default\">\n\t\t\t\t<div class=\"elementor-widget-container\">\n\t\t\t\t\t<h1 class=\"elementor-heading-title elementor-size-xxl\">FILOSOFIA<\/h1>\t\t\t\t<\/div>\n\t\t\t\t<\/div>\n\t\t\t\t\t<\/div>\n\t\t<\/div>\n\t\t\t\t\t<\/div>\n\t\t<\/section>\n\t\t\t\t<section class=\"elementor-section elementor-top-section elementor-element elementor-element-9ebcbe4 elementor-section-boxed elementor-section-height-default elementor-section-height-default\" data-id=\"9ebcbe4\" data-element_type=\"section\" data-e-type=\"section\">\n\t\t\t\t\t\t<div class=\"elementor-container elementor-column-gap-default\">\n\t\t\t\t\t<div class=\"elementor-column elementor-col-100 elementor-top-column elementor-element elementor-element-568930b\" data-id=\"568930b\" data-element_type=\"column\" data-e-type=\"column\">\n\t\t\t<div class=\"elementor-widget-wrap elementor-element-populated\">\n\t\t\t\t\t\t<div class=\"elementor-element elementor-element-c624d32 elementor-widget elementor-widget-heading\" data-id=\"c624d32\" data-element_type=\"widget\" data-e-type=\"widget\" data-widget_type=\"heading.default\">\n\t\t\t\t<div class=\"elementor-widget-container\">\n\t\t\t\t\t<h3 class=\"elementor-heading-title elementor-size-default\">Filosofia<\/h3>\t\t\t\t<\/div>\n\t\t\t\t<\/div>\n\t\t\t\t<div class=\"elementor-element elementor-element-7d95341 elementor-widget elementor-widget-heading\" data-id=\"7d95341\" data-element_type=\"widget\" data-e-type=\"widget\" data-widget_type=\"heading.default\">\n\t\t\t\t<div class=\"elementor-widget-container\">\n\t\t\t\t\t<h2 class=\"elementor-heading-title elementor-size-default\">\u00a1VIVIR M\u00c1S TIEMPO CON MEJOR SALUD!<\/h2>\t\t\t\t<\/div>\n\t\t\t\t<\/div>\n\t\t\t\t<div class=\"elementor-element elementor-element-defcb7f elementor-widget elementor-widget-text-editor\" data-id=\"defcb7f\" data-element_type=\"widget\" data-e-type=\"widget\" data-widget_type=\"text-editor.default\">\n\t\t\t\t<div class=\"elementor-widget-container\">\n\t\t\t\t\t\t\t\t\t<p>Nuestra salud se deteriora desde el final de la adolescencia, de manera insidiosa y debilita nuestros diferentes sistemas fisiol\u00f3gicos creando as\u00ed el lecho de las enfermedades.<\/p>\n<p>No esperemos a enfermar, actuemos antes y corrijamos los d\u00e9ficits que se instalan en nuestro organismo en funci\u00f3n de nuestra senescencia, nuestro modo de vida y nuestro entorno.<\/p>\n<p>&nbsp;<\/p>\n<p>El Instituto Prevenci\u00f3n Salud Longevidad tiene por objeto ayudar a sus pacientes a vivir una vida m\u00e1s larga y sana.<\/p>\n\t\t\t\t\t\t\t\t<\/div>\n\t\t\t\t<\/div>\n\t\t\t\t\t<\/div>\n\t\t<\/div>\n\t\t\t\t\t<\/div>\n\t\t<\/section>\n\t\t\t\t<section class=\"elementor-section elementor-top-section elementor-element elementor-element-4967b50 elementor-section-boxed elementor-section-height-default elementor-section-height-default\" data-id=\"4967b50\" data-element_type=\"section\" data-e-type=\"section\">\n\t\t\t\t\t\t<div class=\"elementor-container elementor-column-gap-default\">\n\t\t\t\t\t<div class=\"elementor-column elementor-col-50 elementor-top-column elementor-element elementor-element-93222b5\" data-id=\"93222b5\" data-element_type=\"column\" data-e-type=\"column\">\n\t\t\t<div class=\"elementor-widget-wrap elementor-element-populated\">\n\t\t\t\t\t\t<div class=\"elementor-element elementor-element-b1809d7 elementor-widget elementor-widget-heading\" data-id=\"b1809d7\" data-element_type=\"widget\" data-e-type=\"widget\" data-widget_type=\"heading.default\">\n\t\t\t\t<div class=\"elementor-widget-container\">\n\t\t\t\t\t<h3 class=\"elementor-heading-title elementor-size-default\">Hacia una Nueva Filosof\u00eda de Vida<\/h3>\t\t\t\t<\/div>\n\t\t\t\t<\/div>\n\t\t\t\t<div class=\"elementor-element elementor-element-efb6463 elementor-widget elementor-widget-heading\" data-id=\"efb6463\" data-element_type=\"widget\" data-e-type=\"widget\" data-widget_type=\"heading.default\">\n\t\t\t\t<div class=\"elementor-widget-container\">\n\t\t\t\t\t<h2 class=\"elementor-heading-title elementor-size-default\">TE SENTIR\u00c1S MEJOR DURANTE M\u00c1S TIEMPO<\/h2>\t\t\t\t<\/div>\n\t\t\t\t<\/div>\n\t\t\t\t<div class=\"elementor-element elementor-element-7cf2d17 elementor-widget elementor-widget-text-editor\" data-id=\"7cf2d17\" data-element_type=\"widget\" data-e-type=\"widget\" data-widget_type=\"text-editor.default\">\n\t\t\t\t<div class=\"elementor-widget-container\">\n\t\t\t\t\t\t\t\t\t<p>Simplemente ver pasar los a\u00f1os y esperar o desear la jubilaci\u00f3n con la ingenua esperanza de evitar las enfermedades es una visi\u00f3n de la vida que deber\u00eda resultar obsoleta.<\/p>\n<p>&nbsp;<\/p>\n<p>Podemos y debemos ser actores de nuestra salud.<\/p>\n<p>&nbsp;<\/p>\n<p>Debemos recordar siempre que la salud es nuestro bien m\u00e1s preciado. Como dijo justamente la Organizaci\u00f3n Mundial de la Salud en 1946, estar en buena salud no es simplemente no estar enfermo, es estar en plena posesi\u00f3n de todos los medios f\u00edsicos y ps\u00edquicos. Se trata pues, de luchar contra la senilidad que nos degrada insidiosamente desde el final de nuestra adolescencia.<\/p>\n<p>&nbsp;<\/p>\n<p>S\u00ed, a los 50, ya no tienes 20 a\u00f1os, ni tampoco 30 o 40. A los 50 a\u00f1os, a los 60, todav\u00eda puedes trabajar, hacer una actividad deportiva, amar, y tener proyectos; pero es diferente. El tiempo que queda&#8230; o m\u00e1s bien el tiempo \u00fatil para estos proyectos, se reduce, y la reacci\u00f3n m\u00e1s habitual, es la negaci\u00f3n. Llevas mucho tiempo en una pendiente que no hace m\u00e1s que ir hacia abajo. Se debe toma conciencia de todo esto, de la degradaci\u00f3n progresiva e insidiosa de nuestras\u00a0 capacidades y dejar de decir \u00abpero yo soy mejor que los amigos de mi edad&#8230; \u00bb.<\/p>\n<p>&nbsp;<\/p>\n<p>&nbsp;<\/p>\n<p>Una nueva filosof\u00eda de vida significa tomar conciencia de lo que eres fisiol\u00f3gicamente, entender lo que es tu Capital salud y aprender a manejarlo para as\u00ed, optimizarlo. Tener 50 a\u00f1os con capacidades de 30 a\u00f1os es posible. \u00bfPor qu\u00e9 no hacerlo? Aprender a pensar de manera diferente, aprender que el envejecimiento no es m\u00e1s que un marcador del tiempo que pasa, y no el reflejo de su senescencia, aprender a gestionar su tiempo, su nutrici\u00f3n y no simplemente consumir; aprender a manejar una actividad deportiva y no solo sudar; corregir los d\u00e9ficits que aparecen en su cuerpo&#8230; todo esto pondr\u00e1 todas las posibilidades de su lado para vivir de manera m\u00e1s saludable, por m\u00e1s tiempo.<\/p>\n\t\t\t\t\t\t\t\t<\/div>\n\t\t\t\t<\/div>\n\t\t\t\t\t<\/div>\n\t\t<\/div>\n\t\t\t\t<div class=\"elementor-column elementor-col-50 elementor-top-column elementor-element elementor-element-f13f145\" data-id=\"f13f145\" data-element_type=\"column\" data-e-type=\"column\">\n\t\t\t<div class=\"elementor-widget-wrap elementor-element-populated\">\n\t\t\t\t\t\t<div class=\"elementor-element elementor-element-4b90c52 elementor-widget elementor-widget-heading\" data-id=\"4b90c52\" data-element_type=\"widget\" data-e-type=\"widget\" data-widget_type=\"heading.default\">\n\t\t\t\t<div class=\"elementor-widget-container\">\n\t\t\t\t\t<h3 class=\"elementor-heading-title elementor-size-default\">Hacia una Nueva Filosof\u00eda del Trabajo<\/h3>\t\t\t\t<\/div>\n\t\t\t\t<\/div>\n\t\t\t\t<div class=\"elementor-element elementor-element-39213e6 elementor-widget elementor-widget-heading\" data-id=\"39213e6\" data-element_type=\"widget\" data-e-type=\"widget\" data-widget_type=\"heading.default\">\n\t\t\t\t<div class=\"elementor-widget-container\">\n\t\t\t\t\t<h2 class=\"elementor-heading-title elementor-size-default\">LE ACOMPA\u00d1AMOS Y LE OFRECEMOS SOLUCIONES<\/h2>\t\t\t\t<\/div>\n\t\t\t\t<\/div>\n\t\t\t\t<div class=\"elementor-element elementor-element-5be26fd elementor-widget elementor-widget-text-editor\" data-id=\"5be26fd\" data-element_type=\"widget\" data-e-type=\"widget\" data-widget_type=\"text-editor.default\">\n\t\t\t\t<div class=\"elementor-widget-container\">\n\t\t\t\t\t\t\t\t\t<p style=\"text-align: center;\"><strong>Asociaci\u00f3n Empresas<\/strong><\/p>\r\nTrabajar simplemente para obtener un salario que le permita mantenerse est\u00e1 socialmente aceptado, pero decididamente desfasado.\r\n\r\nPasamos un tercio de nuestras 24 horas en el trabajo y a veces m\u00e1s, mucho m\u00e1s, si contamos los trayectos. Este largo per\u00edodo de nuestra vida debe participar en una mejor gesti\u00f3n de nuestro Capital salud en total acuerdo con su empleador.\r\n\r\nUna mejor salud en el trabajo implica una mayor eficiencia y sostenibilidad.\r\n\r\n&nbsp;\r\n\r\n\u00bfQu\u00e9 sociedad puede permanecer indiferente a esta problem\u00e1tica?\r\n\r\n&nbsp;\r\n\r\nPor supuesto, algunas empresas preferir\u00e1n tener una visi\u00f3n cl\u00e1sica de la compra de una fuerza de trabajo (hasta el agotamiento), pero otros, por el contrario, querr\u00e1n participar en una mejor gesti\u00f3n del Capital salud de su empleado, favoreciendo su participaci\u00f3n en programas adaptados y personalizados.\r\n\r\n&nbsp;\r\n\r\nPoniendo a disposici\u00f3n de sus directivos las prestaciones sanitarias de nuestro Instituto, los valora y les permite estar en mejor salud, siendo m\u00e1s eficaces, m\u00e1s tiempo. De este modo, entraran en un sistema de bienestar en el trabajo, concepto que ha evolucionado de manera tan positiva a lo largo de los a\u00f1os.\r\n<p style=\"text-align: center;\">Si es usted una empresa y quiere establecer una asociaci\u00f3n sanitaria con nosotros:<\/p>\r\n<p style=\"text-align: center;\">Tel : + 33 7 67 65 09 50<\/p>\r\n<p style=\"text-align: center;\"><a href=\"mailto:vd@institut-prevention-sante-longevite.fr\"><em>vd@institut-prevention-sante-longevite.fr<\/em><\/a><\/p>\t\t\t\t\t\t\t\t<\/div>\n\t\t\t\t<\/div>\n\t\t\t\t\t<\/div>\n\t\t<\/div>\n\t\t\t\t\t<\/div>\n\t\t<\/section>\n\t\t\t\t<section class=\"elementor-section elementor-top-section elementor-element elementor-element-037dac0 elementor-section-boxed elementor-section-height-default elementor-section-height-default\" data-id=\"037dac0\" data-element_type=\"section\" data-e-type=\"section\">\n\t\t\t\t\t\t<div class=\"elementor-container elementor-column-gap-default\">\n\t\t\t\t\t<div class=\"elementor-column elementor-col-100 elementor-top-column elementor-element elementor-element-8014adb\" data-id=\"8014adb\" data-element_type=\"column\" data-e-type=\"column\">\n\t\t\t<div class=\"elementor-widget-wrap\">\n\t\t\t\t\t\t\t<\/div>\n\t\t<\/div>\n\t\t\t\t\t<\/div>\n\t\t<\/section>\n\t\t\t\t<\/div>\n\t\t","protected":false},"excerpt":{"rendered":"<p>FILOSOFIA Filosofia \u00a1VIVIR M\u00c1S TIEMPO CON MEJOR SALUD! Nuestra salud se deteriora desde el final de la adolescencia, de manera insidiosa y debilita nuestros diferentes sistemas fisiol\u00f3gicos creando as\u00ed el lecho de las enfermedades. No esperemos a enfermar, actuemos antes y corrijamos los d\u00e9ficits que se instalan en nuestro organismo en funci\u00f3n de nuestra senescencia, [&hellip;]<\/p>\n","protected":false},"author":4,"featured_media":0,"parent":0,"menu_order":0,"comment_status":"closed","ping_status":"closed","template":"","meta":{"_acf_changed":false,"footnotes":""},"class_list":["post-2789","page","type-page","status-publish","hentry"],"acf":[],"jetpack_sharing_enabled":true,"_links":{"self":[{"href":"https:\/\/www.institut-prevention-sante-longevite.fr\/es\/wp-json\/wp\/v2\/pages\/2789","targetHints":{"allow":["GET"]}}],"collection":[{"href":"https:\/\/www.institut-prevention-sante-longevite.fr\/es\/wp-json\/wp\/v2\/pages"}],"about":[{"href":"https:\/\/www.institut-prevention-sante-longevite.fr\/es\/wp-json\/wp\/v2\/types\/page"}],"author":[{"embeddable":true,"href":"https:\/\/www.institut-prevention-sante-longevite.fr\/es\/wp-json\/wp\/v2\/users\/4"}],"replies":[{"embeddable":true,"href":"https:\/\/www.institut-prevention-sante-longevite.fr\/es\/wp-json\/wp\/v2\/comments?post=2789"}],"version-history":[{"count":3,"href":"https:\/\/www.institut-prevention-sante-longevite.fr\/es\/wp-json\/wp\/v2\/pages\/2789\/revisions"}],"predecessor-version":[{"id":6272,"href":"https:\/\/www.institut-prevention-sante-longevite.fr\/es\/wp-json\/wp\/v2\/pages\/2789\/revisions\/6272"}],"wp:attachment":[{"href":"https:\/\/www.institut-prevention-sante-longevite.fr\/es\/wp-json\/wp\/v2\/media?parent=2789"}],"curies":[{"name":"wp","href":"https:\/\/api.w.org\/{rel}","templated":true}]}}