{"id":2791,"date":"2022-12-06T16:43:42","date_gmt":"2022-12-06T15:43:42","guid":{"rendered":"https:\/\/www.institut-prevention-sante-longevite.fr\/?page_id=2791"},"modified":"2026-05-10T18:03:09","modified_gmt":"2026-05-10T17:03:09","slug":"prevencion","status":"publish","type":"page","link":"https:\/\/www.institut-prevention-sante-longevite.fr\/es\/prevencion\/","title":{"rendered":"Prevenci\u00f3n"},"content":{"rendered":"\t\t<div data-elementor-type=\"wp-page\" data-elementor-id=\"2791\" class=\"elementor elementor-2791 elementor-978\" data-elementor-post-type=\"page\">\n\t\t\t\t\t\t<section class=\"elementor-section elementor-top-section elementor-element elementor-element-65260889 elementor-section-full_width elementor-section-height-default elementor-section-height-default\" data-id=\"65260889\" data-element_type=\"section\" data-e-type=\"section\">\n\t\t\t\t\t\t<div class=\"elementor-container elementor-column-gap-default\">\n\t\t\t\t\t<div class=\"elementor-column elementor-col-100 elementor-top-column elementor-element elementor-element-e4e5601\" data-id=\"e4e5601\" data-element_type=\"column\" data-e-type=\"column\">\n\t\t\t<div class=\"elementor-widget-wrap elementor-element-populated\">\n\t\t\t\t\t\t<div class=\"elementor-element elementor-element-1e5f461 elementor-widget elementor-widget-image\" data-id=\"1e5f461\" data-element_type=\"widget\" data-e-type=\"widget\" data-widget_type=\"image.default\">\n\t\t\t\t<div class=\"elementor-widget-container\">\n\t\t\t\t\t\t\t\t\t\t\t\t\t\t\t<img fetchpriority=\"high\" decoding=\"async\" width=\"1920\" height=\"1080\" src=\"https:\/\/i0.wp.com\/www.institut-prevention-sante-longevite.fr\/wp-content\/uploads\/2022\/09\/Prevention-1.jpg?fit=1920%2C1080&amp;ssl=1\" class=\"attachment-full size-full wp-image-2048\" alt=\"\" srcset=\"https:\/\/i0.wp.com\/www.institut-prevention-sante-longevite.fr\/wp-content\/uploads\/2022\/09\/Prevention-1.jpg?w=1920&amp;ssl=1 1920w, https:\/\/i0.wp.com\/www.institut-prevention-sante-longevite.fr\/wp-content\/uploads\/2022\/09\/Prevention-1.jpg?resize=300%2C169&amp;ssl=1 300w, https:\/\/i0.wp.com\/www.institut-prevention-sante-longevite.fr\/wp-content\/uploads\/2022\/09\/Prevention-1.jpg?resize=1024%2C576&amp;ssl=1 1024w, https:\/\/i0.wp.com\/www.institut-prevention-sante-longevite.fr\/wp-content\/uploads\/2022\/09\/Prevention-1.jpg?resize=768%2C432&amp;ssl=1 768w, https:\/\/i0.wp.com\/www.institut-prevention-sante-longevite.fr\/wp-content\/uploads\/2022\/09\/Prevention-1.jpg?resize=1536%2C864&amp;ssl=1 1536w, https:\/\/i0.wp.com\/www.institut-prevention-sante-longevite.fr\/wp-content\/uploads\/2022\/09\/Prevention-1.jpg?w=1600&amp;ssl=1 1600w\" sizes=\"(max-width: 800px) 100vw, 800px\" \/>\t\t\t\t\t\t\t\t\t\t\t\t\t\t\t<\/div>\n\t\t\t\t<\/div>\n\t\t\t\t<div class=\"elementor-element elementor-element-5de1d5f8 elementor-absolute elementor-invisible elementor-widget elementor-widget-heading\" data-id=\"5de1d5f8\" data-element_type=\"widget\" data-e-type=\"widget\" data-settings=\"{&quot;_animation&quot;:&quot;fadeInLeft&quot;,&quot;_position&quot;:&quot;absolute&quot;}\" data-widget_type=\"heading.default\">\n\t\t\t\t<div class=\"elementor-widget-container\">\n\t\t\t\t\t<h1 class=\"elementor-heading-title elementor-size-xxl\">PREVENCION<\/h1>\t\t\t\t<\/div>\n\t\t\t\t<\/div>\n\t\t\t\t\t<\/div>\n\t\t<\/div>\n\t\t\t\t\t<\/div>\n\t\t<\/section>\n\t\t\t\t<section class=\"elementor-section elementor-top-section elementor-element elementor-element-53ad4c92 elementor-section-boxed elementor-section-height-default elementor-section-height-default\" data-id=\"53ad4c92\" data-element_type=\"section\" data-e-type=\"section\">\n\t\t\t\t\t\t<div class=\"elementor-container elementor-column-gap-custom\">\n\t\t\t\t\t<div class=\"elementor-column elementor-col-33 elementor-top-column elementor-element elementor-element-74ce15d8\" data-id=\"74ce15d8\" data-element_type=\"column\" data-e-type=\"column\">\n\t\t\t<div class=\"elementor-widget-wrap elementor-element-populated\">\n\t\t\t\t\t\t<div class=\"elementor-element elementor-element-19244807 elementor-widget-mobile__width-auto elementor-widget elementor-widget-heading\" data-id=\"19244807\" data-element_type=\"widget\" data-e-type=\"widget\" data-widget_type=\"heading.default\">\n\t\t\t\t<div class=\"elementor-widget-container\">\n\t\t\t\t\t<h2 class=\"elementor-heading-title elementor-size-default\">\u00bfQu\u00e9 es la edad fisiol\u00f3gica?<\/h2>\t\t\t\t<\/div>\n\t\t\t\t<\/div>\n\t\t\t\t<div class=\"elementor-element elementor-element-279d4f0f elementor-widget elementor-widget-text-editor\" data-id=\"279d4f0f\" data-element_type=\"widget\" data-e-type=\"widget\" data-widget_type=\"text-editor.default\">\n\t\t\t\t<div class=\"elementor-widget-container\">\n\t\t\t\t\t\t\t\t\tTodos hemos observado diferencias de edad aparente. M\u00e1s joven o m\u00e1s viejo, en algunas personas la edad cronol\u00f3gica est\u00e1 ligada a la edad fisiol\u00f3gica.\r\n\r\n&nbsp;\r\n\r\nLa edad cronol\u00f3gica (determinada a partir de su fecha de nacimiento) solo refleja en parte nuestro envejecimiento personal.\r\n\r\n&nbsp;\r\n\r\nEsta refleja el estado fisiol\u00f3gico o funcional de un individuo. Es un indicador indispensable para medir los efectos a corto, medio o largo plazo de agentes de envejecimiento. A d\u00eda de hoy, s\u00f3lo hay unos pocos centros en el mundo capaces de dar una estimaci\u00f3n de la edad fisiol\u00f3gica de un individuo mediante la determinaci\u00f3n de un Mapeo Fisiol\u00f3gico.\t\t\t\t\t\t\t\t<\/div>\n\t\t\t\t<\/div>\n\t\t\t\t\t<\/div>\n\t\t<\/div>\n\t\t\t\t<div class=\"elementor-column elementor-col-33 elementor-top-column elementor-element elementor-element-4cf0b023\" data-id=\"4cf0b023\" data-element_type=\"column\" data-e-type=\"column\">\n\t\t\t<div class=\"elementor-widget-wrap elementor-element-populated\">\n\t\t\t\t\t\t<div class=\"elementor-element elementor-element-2953b3fb elementor-widget elementor-widget-heading\" data-id=\"2953b3fb\" data-element_type=\"widget\" data-e-type=\"widget\" data-widget_type=\"heading.default\">\n\t\t\t\t<div class=\"elementor-widget-container\">\n\t\t\t\t\t<h2 class=\"elementor-heading-title elementor-size-default\">\u00bfC\u00f3mo se mide la edad fisiol\u00f3gica?<\/h2>\t\t\t\t<\/div>\n\t\t\t\t<\/div>\n\t\t\t\t<div class=\"elementor-element elementor-element-183d6c6d elementor-widget elementor-widget-text-editor\" data-id=\"183d6c6d\" data-element_type=\"widget\" data-e-type=\"widget\" data-widget_type=\"text-editor.default\">\n\t\t\t\t<div class=\"elementor-widget-container\">\n\t\t\t\t\t\t\t\t\t<p>Son m\u00faltiples los criterios para escoger los par\u00e1metros de medici\u00f3n de la edad fisiol\u00f3gica.<\/p>\n<p>&nbsp;<\/p>\n<p>Sin embargo, existen ciertas reglas, ya que los criterios de medici\u00f3n seleccionados deben:<\/p>\n<ul>\n<li>Poder evolucionar seg\u00fan la edad;<\/li>\n<li>ser representativos de una o varias funciones fisiol\u00f3gicas;<\/li>\n<li>ser lo suficientemente sensibles para detectar peque\u00f1os cambios en el estado funcional;<\/li>\n<li>ser no traum\u00e1tico y seguro para el individuo; tener resultados reproducibles;<\/li>\n<li>medir una funci\u00f3n importante; no ser redundantes;<\/li>\n<li>tener la capacidad de influir en el ritmo de envejecimiento.<\/li>\n<\/ul>\n<p>El conjunto de pruebas debe proporcionar una imagen global del estado de salud del individuo y servir como base para predecir su salud futura, as\u00ed como su vida \u00fatil.<\/p>\n\t\t\t\t\t\t\t\t<\/div>\n\t\t\t\t<\/div>\n\t\t\t\t\t<\/div>\n\t\t<\/div>\n\t\t\t\t<div class=\"elementor-column elementor-col-33 elementor-top-column elementor-element elementor-element-412bda8\" data-id=\"412bda8\" data-element_type=\"column\" data-e-type=\"column\">\n\t\t\t<div class=\"elementor-widget-wrap elementor-element-populated\">\n\t\t\t\t\t\t<div class=\"elementor-element elementor-element-52282b73 elementor-widget-mobile__width-auto elementor-widget elementor-widget-heading\" data-id=\"52282b73\" data-element_type=\"widget\" data-e-type=\"widget\" data-widget_type=\"heading.default\">\n\t\t\t\t<div class=\"elementor-widget-container\">\n\t\t\t\t\t<h2 class=\"elementor-heading-title elementor-size-default\">\u00bfQu\u00e9 nos dice la edad fisiol\u00f3gica?<\/h2>\t\t\t\t<\/div>\n\t\t\t\t<\/div>\n\t\t\t\t<div class=\"elementor-element elementor-element-42bdb042 elementor-widget elementor-widget-text-editor\" data-id=\"42bdb042\" data-element_type=\"widget\" data-e-type=\"widget\" data-widget_type=\"text-editor.default\">\n\t\t\t\t<div class=\"elementor-widget-container\">\n\t\t\t\t\t\t\t\t\tLa edad fisiol\u00f3gica permite describir el estado fisiol\u00f3gico de un individuo en cada etapa de su envejecimiento. Este seguimiento permite:\r\n<ul>\r\n \t<li>Comprobar la eficacia de determinados tratamientos<\/li>\r\n \t<li>Identificar las acciones reales de los medicamentos<\/li>\r\n \t<li>Coordinar los efectos y ritmos de los ejercicios o dietas<\/li>\r\n \t<li>Predecir el mantenimiento o la p\u00e9rdida de la competencia fisiol\u00f3gica<\/li>\r\n \t<li>Determinaci\u00f3n de la incidencia de enfermedades<\/li>\r\n \t<li>Evaluar la esperanza de vida.<\/li>\r\n<\/ul>\t\t\t\t\t\t\t\t<\/div>\n\t\t\t\t<\/div>\n\t\t\t\t\t<\/div>\n\t\t<\/div>\n\t\t\t\t\t<\/div>\n\t\t<\/section>\n\t\t\t\t<\/div>\n\t\t","protected":false},"excerpt":{"rendered":"<p>PREVENCION \u00bfQu\u00e9 es la edad fisiol\u00f3gica? Todos hemos observado diferencias de edad aparente. M\u00e1s joven o m\u00e1s viejo, en algunas personas la edad cronol\u00f3gica est\u00e1 ligada a la edad fisiol\u00f3gica. &nbsp; La edad cronol\u00f3gica (determinada a partir de su fecha de nacimiento) solo refleja en parte nuestro envejecimiento personal. &nbsp; Esta refleja el estado fisiol\u00f3gico [&hellip;]<\/p>\n","protected":false},"author":4,"featured_media":0,"parent":0,"menu_order":0,"comment_status":"closed","ping_status":"closed","template":"","meta":{"_acf_changed":false,"footnotes":""},"class_list":["post-2791","page","type-page","status-publish","hentry"],"acf":[],"jetpack_sharing_enabled":true,"_links":{"self":[{"href":"https:\/\/www.institut-prevention-sante-longevite.fr\/es\/wp-json\/wp\/v2\/pages\/2791","targetHints":{"allow":["GET"]}}],"collection":[{"href":"https:\/\/www.institut-prevention-sante-longevite.fr\/es\/wp-json\/wp\/v2\/pages"}],"about":[{"href":"https:\/\/www.institut-prevention-sante-longevite.fr\/es\/wp-json\/wp\/v2\/types\/page"}],"author":[{"embeddable":true,"href":"https:\/\/www.institut-prevention-sante-longevite.fr\/es\/wp-json\/wp\/v2\/users\/4"}],"replies":[{"embeddable":true,"href":"https:\/\/www.institut-prevention-sante-longevite.fr\/es\/wp-json\/wp\/v2\/comments?post=2791"}],"version-history":[{"count":5,"href":"https:\/\/www.institut-prevention-sante-longevite.fr\/es\/wp-json\/wp\/v2\/pages\/2791\/revisions"}],"predecessor-version":[{"id":5478,"href":"https:\/\/www.institut-prevention-sante-longevite.fr\/es\/wp-json\/wp\/v2\/pages\/2791\/revisions\/5478"}],"wp:attachment":[{"href":"https:\/\/www.institut-prevention-sante-longevite.fr\/es\/wp-json\/wp\/v2\/media?parent=2791"}],"curies":[{"name":"wp","href":"https:\/\/api.w.org\/{rel}","templated":true}]}}