{"id":2798,"date":"2022-12-06T16:48:06","date_gmt":"2022-12-06T15:48:06","guid":{"rendered":"https:\/\/www.institut-prevention-sante-longevite.fr\/?page_id=2798"},"modified":"2026-04-14T16:22:30","modified_gmt":"2026-04-14T15:22:30","slug":"salud","status":"publish","type":"page","link":"https:\/\/www.institut-prevention-sante-longevite.fr\/es\/salud\/","title":{"rendered":"Salud"},"content":{"rendered":"\t\t<div data-elementor-type=\"wp-page\" data-elementor-id=\"2798\" class=\"elementor elementor-2798 elementor-994\" data-elementor-post-type=\"page\">\n\t\t\t\t\t\t<section class=\"elementor-section elementor-top-section elementor-element elementor-element-7ab1d2f7 elementor-section-full_width elementor-section-height-default elementor-section-height-default\" data-id=\"7ab1d2f7\" data-element_type=\"section\" data-e-type=\"section\">\n\t\t\t\t\t\t<div class=\"elementor-container elementor-column-gap-default\">\n\t\t\t\t\t<div class=\"elementor-column elementor-col-100 elementor-top-column elementor-element elementor-element-61f44ce7\" data-id=\"61f44ce7\" data-element_type=\"column\" data-e-type=\"column\">\n\t\t\t<div class=\"elementor-widget-wrap elementor-element-populated\">\n\t\t\t\t\t\t<div class=\"elementor-element elementor-element-77db70ae elementor-widget elementor-widget-image\" data-id=\"77db70ae\" data-element_type=\"widget\" data-e-type=\"widget\" data-widget_type=\"image.default\">\n\t\t\t\t<div class=\"elementor-widget-container\">\n\t\t\t\t\t\t\t\t\t\t\t\t\t\t\t<img data-recalc-dims=\"1\" decoding=\"async\" src=\"https:\/\/i0.wp.com\/www.institut-prevention-sante-longevite.fr\/wp-content\/uploads\/2022\/09\/Sante-scaled.jpg?w=800&#038;ssl=1\" title=\"\" alt=\"\" loading=\"lazy\" \/>\t\t\t\t\t\t\t\t\t\t\t\t\t\t\t<\/div>\n\t\t\t\t<\/div>\n\t\t\t\t<div class=\"elementor-element elementor-element-6559881b elementor-absolute elementor-invisible elementor-widget elementor-widget-heading\" data-id=\"6559881b\" data-element_type=\"widget\" data-e-type=\"widget\" data-settings=\"{&quot;_animation&quot;:&quot;fadeInLeft&quot;,&quot;_position&quot;:&quot;absolute&quot;}\" data-widget_type=\"heading.default\">\n\t\t\t\t<div class=\"elementor-widget-container\">\n\t\t\t\t\t<h1 class=\"elementor-heading-title elementor-size-xxl\">SALUD<\/h1>\t\t\t\t<\/div>\n\t\t\t\t<\/div>\n\t\t\t\t\t<\/div>\n\t\t<\/div>\n\t\t\t\t\t<\/div>\n\t\t<\/section>\n\t\t\t\t<section class=\"elementor-section elementor-top-section elementor-element elementor-element-bdbbbb8 elementor-section-boxed elementor-section-height-default elementor-section-height-default\" data-id=\"bdbbbb8\" data-element_type=\"section\" data-e-type=\"section\">\n\t\t\t\t\t\t<div class=\"elementor-container elementor-column-gap-custom\">\n\t\t\t\t\t<div class=\"elementor-column elementor-col-50 elementor-top-column elementor-element elementor-element-2ade9ffa\" data-id=\"2ade9ffa\" data-element_type=\"column\" data-e-type=\"column\">\n\t\t\t<div class=\"elementor-widget-wrap elementor-element-populated\">\n\t\t\t\t\t\t<div class=\"elementor-element elementor-element-6aa1043d elementor-widget elementor-widget-heading\" data-id=\"6aa1043d\" data-element_type=\"widget\" data-e-type=\"widget\" data-widget_type=\"heading.default\">\n\t\t\t\t<div class=\"elementor-widget-container\">\n\t\t\t\t\t<h2 class=\"elementor-heading-title elementor-size-default\">Optimizar su capital de salud<\/h2>\t\t\t\t<\/div>\n\t\t\t\t<\/div>\n\t\t\t\t<div class=\"elementor-element elementor-element-f17d8b9 elementor-widget elementor-widget-text-editor\" data-id=\"f17d8b9\" data-element_type=\"widget\" data-e-type=\"widget\" data-widget_type=\"text-editor.default\">\n\t\t\t\t<div class=\"elementor-widget-container\">\n\t\t\t\t\t\t\t\t\t<strong>Su salud<\/strong>\r\n\r\nLa salud es sin duda nuestro bien m\u00e1s preciado. Esto es algo que est\u00e1 generalmente aceptado. Pero \u00bfQu\u00e9 hacemos a diario, de manera personal o colectiva, para mantener o incluso mejorar nuestra salud?\r\n\r\n<strong>\u00bfQu\u00e9 es la \u00absalud\u00bb?<\/strong>\r\n\r\nLa Organizaci\u00f3n Mundial de la Salud (OMS) la defini\u00f3 en 1946:\r\n\r\n&nbsp;\r\n\r\n<strong>\u00abLa salud es un estado de completo bienestar f\u00edsico, mental y social, y no s\u00f3lo la ausencia de afecciones o enfermedades*\u00bb.<\/strong>\r\n\r\n&nbsp;\r\n\r\n&nbsp;\r\n\r\nEsta definici\u00f3n sigue siendo plenamente pertinente. Es un \u00abestado completo\u00bb y no una simple \u00abausencia de enfermedad\u00bb.\r\n\r\nEn general, para la mayor\u00eda de la gente \u00abno estar enfermo\u00bb significa estar \u00absano\u00bb. Pero la salud es mucho m\u00e1s que \u00abno estar enfermo\u00bb. Es importante ser consciente de ello. Desgraciadamente, la propia noci\u00f3n de salud, y m\u00e1s a\u00fan de Capital Salud, sigue siendo muy vaga en la mente de nuestros contempor\u00e1neos.\r\n\r\n&nbsp;\r\n\r\n&nbsp;\r\n\r\nEl INSEE nos proporciona elementos interesantes con un \u00edndice particular <strong>\u00abla esperanza de vida en buena salud\u00bb.<\/strong> Ya no se trata simplemente de vivir una vida larga, sino tambi\u00e9n y sobre todo de vivir una vida larga con buena salud y, por tanto, si nos remitimos a la definici\u00f3n de la OMS: en un \u00abestado de completo bienestar f\u00edsico, mental y social\u00bb.\r\n\r\n&nbsp;\r\n\r\nEl INSEE define la esperanza de vida sana (al nacer), o a\u00f1os de vida sana (AVS), como el n\u00famero de a\u00f1os sanos que una persona puede esperar vivir (al nacer).\r\n\r\n&nbsp;\r\n\r\n&nbsp;\r\n\r\nLa buena salud se define como la ausencia de limitaciones de la actividad (en las actividades de la vida diaria) y la ausencia de discapacidad.\u00a0 El HALY es un indicador de la esperanza de salud que combina informaci\u00f3n sobre la mortalidad y la morbilidad. La informaci\u00f3n utilizada para su c\u00e1lculo son las medidas de prevalencia (proporciones) de la poblaci\u00f3n de una edad espec\u00edfica con buena o mala salud y la informaci\u00f3n de mortalidad por edad. Tambi\u00e9n se denomina esperanza de vida sin discapacidad (EVLI)**.\r\n\r\n&nbsp;\r\n\r\nAhora bien, las cifras publicadas por el INSEE muestran que, si bien la esperanza de vida global sigue aumentando a pesar de ciertas mesetas, la esperanza de vida en \u00abbuena salud\u00bb ha ido disminuyendo en Francia desde 2008, con una esperanza de salud en 2012 (fuente INSEE, abril de 2013) de 61,9 a\u00f1os para los hombres y 63,5 a\u00f1os para las mujeres.\r\n\r\n&nbsp;\r\n\r\n&nbsp;\r\n\r\nM\u00e1s all\u00e1 de las cifras, que son extremadamente chocantes porque est\u00e1n en total contradicci\u00f3n con la idea que tenemos de la evoluci\u00f3n de la sanidad en Francia, surgen dos grandes problemas:\r\n\r\n&#8211; En primer lugar: <strong>\u00ab\u00bfC\u00f3mo envejecemos?\u00bb, \u00ab\u00bfC\u00f3mo se deteriora nuestro capital de salud<\/strong>? S\u00f3lo la investigaci\u00f3n de la edad fisiol\u00f3gica de la persona, acompa\u00f1ada de evaluaciones profundas e individualizadas, puede dar respuesta a estas cuestiones eminentemente personales.\r\n\r\n&#8211; Pero tambi\u00e9n, y sobre todo: \u00ab\u00bf<strong>Qu\u00e9 podemos hacer para mejorar esta situaci\u00f3n<\/strong>? Todo depende de la visi\u00f3n que tengamos de nuestra propia salud, de la voluntad que tengamos -o no- de intervenir en nuestro \u00abdestino sanitario\u00bb. Responsabilizar a las personas significa devolverles su cuota de libertad.\r\n\r\nTodos estos son problemas reales que deben desafiarnos.\r\n\r\n&nbsp;\r\n\r\n&nbsp;\r\n\r\n&nbsp;\r\n\r\n<strong>Dos realidades muy diferentes pero a la vez muy relacionadas: el envejecimiento y la enfermedad.<\/strong>\r\n\r\n&nbsp;\r\n\r\nNuestro capital de salud disminuye m\u00e1s o menos r\u00e1pidamente a partir de la entrada en la edad adulta (18-20 a\u00f1os). Este declive est\u00e1 relacionado con nuestra herencia gen\u00e9tica, nuestro estilo de vida y nuestro entorno.\r\n\r\nSeg\u00fan los \u00faltimos estudios, la gen\u00e9tica representa alrededor del 30% del total. Esto significa que <strong>el 70% de nuestro envejecimiento es susceptible de intervenci\u00f3n<\/strong>. Y si tenemos en cuenta que el envejecimiento de nuestra composici\u00f3n gen\u00e9tica est\u00e1 a su vez ligado a nuestro estilo de vida y a nuestro entorno (epigen\u00e9tica), vemos que se nos abren a\u00fan m\u00e1s perspectivas.\r\n\r\n&nbsp;\r\n\r\n&#8211; Esta disminuci\u00f3n de nuestro capital sanitario ser\u00e1, al principio, casi imperceptible. Nuestras reservas son <strong>tan altas<\/strong> entre los 20 y los 30 a\u00f1os que apenas notamos la diferencia con el paso de los a\u00f1os.\r\n\r\n&#8211; <strong>Entre los 30 y los 50 a\u00f1os<\/strong>, solemos estar tan ocupados con nuestra vida familiar y profesional que no vemos pasar el tiempo. Y, sin embargo, lo hace. De hecho, nuestros mejores a\u00f1os pasan sin que seamos realmente conscientes de ello.\r\n\r\n&nbsp;\r\n\r\n&nbsp;\r\n\r\n&#8211; <strong>El periodo entre los 50 y los 60 a\u00f1os<\/strong> es el periodo de todos los puntos de inflexi\u00f3n. El peso sube (o tiene cada vez m\u00e1s dificultades para bajar), la presi\u00f3n arterial sube, el colesterol sube, al igual que el az\u00facar en sangre, pero siempre sin alarma. Y nos decimos: \u00abLa pr\u00f3xima vez, las cifras ser\u00e1n mejores\u00bb&#8230; Por desgracia, no, las enfermedades est\u00e1n en camino.\r\n\r\n&nbsp;\r\n\r\n&#8211; <strong>Entre los 60 y los 70 a\u00f1os<\/strong>, por desgracia, las cifras no mejoran, sino que, por el contrario, los umbrales de la normalidad se pulverizan y su m\u00e9dico tiene que establecer uno o varios tratamientos.\r\n\r\n&nbsp;\r\n\r\n&#8211; <strong>Entre los 70 y los 80 a\u00f1os<\/strong>, la cuesti\u00f3n es la p\u00e9rdida de autonom\u00eda.\r\n\r\nPor lo tanto, es evidente que el deterioro espont\u00e1neo de nuestros diversos sistemas fisiol\u00f3gicos nos pondr\u00e1 gradualmente en peligro al reducir nuestras capacidades funcionales.\r\n\r\nAunque tratar las enfermedades que ya han aparecido es ciertamente esencial, <strong>gestionar el capital de salud lo mejor posible es un paso fundamental y prioritario que permitir\u00e1 evitar al m\u00e1ximo la aparici\u00f3n de enfermedades para envejecer de forma saludable.<\/strong>\r\n\r\n&nbsp;\r\n\r\n&nbsp;\r\n\r\n&nbsp;\r\n<ul>\r\n \t<li><em>Pre\u00e1mbulo a la Constituci\u00f3n de la Organizaci\u00f3n Mundial de la Salud, adoptada por la Conferencia Internacional sobre la Salud, Nueva York, 19-22 de junio de 1946, firmada el 22 de julio de 1946 por los representantes de 61 Estados. 1946 (Actas oficiales de la Organizaci\u00f3n Mundial de la Salud, n. 2, p. 100) y entrada en vigor el 7 de abril de 1948. Esta definici\u00f3n no se ha modificado desde 1946<\/em><\/li>\r\n<\/ul>\r\n<em>** <\/em><a href=\"http:\/\/www.insee.fr\/fr\/methodes\/default.asp?page=definitions\/esperance-vie-bon\"><em>www.insee.es\/es\/methodes\/default.asp? page=definitions\/Esperance-vie-bon<\/em><\/a><em>.<\/em>\t\t\t\t\t\t\t\t<\/div>\n\t\t\t\t<\/div>\n\t\t\t\t\t<\/div>\n\t\t<\/div>\n\t\t\t\t<div class=\"elementor-column elementor-col-50 elementor-top-column elementor-element elementor-element-1952db79\" data-id=\"1952db79\" data-element_type=\"column\" data-e-type=\"column\">\n\t\t\t<div class=\"elementor-widget-wrap elementor-element-populated\">\n\t\t\t\t\t\t<div class=\"elementor-element elementor-element-559c0ca7 elementor-widget elementor-widget-heading\" data-id=\"559c0ca7\" data-element_type=\"widget\" data-e-type=\"widget\" data-widget_type=\"heading.default\">\n\t\t\t\t<div class=\"elementor-widget-container\">\n\t\t\t\t\t<h2 class=\"elementor-heading-title elementor-size-default\">La salud del directivo es olvidada con demasiada frecuencia<\/h2>\t\t\t\t<\/div>\n\t\t\t\t<\/div>\n\t\t\t\t<div class=\"elementor-element elementor-element-7e9654b0 elementor-widget elementor-widget-text-editor\" data-id=\"7e9654b0\" data-element_type=\"widget\" data-e-type=\"widget\" data-widget_type=\"text-editor.default\">\n\t\t\t\t<div class=\"elementor-widget-container\">\n\t\t\t\t\t\t\t\t\tLa salud y el bienestar son esenciales a nivel mundial para cualquier empresa humana, ya que los individuos que la componen son la clave de su \u00e9xito. Sin embargo, los directivos suelen escapar de los distintos controles (medicina del trabajo, reconocimientos m\u00e9dicos, visitas al m\u00e9dico de cabecera, etc.) que la empresa puede poner en marcha para detectar posibles problemas de salud en el lugar de trabajo. Sin embargo, estos problemas tambi\u00e9n afectan a los directivos que no est\u00e1n protegidos por una especie de \u00abescudo m\u00e1gico\u00bb. La enfermedad, el agotamiento, los trastornos musculoesquel\u00e9ticos, etc. tambi\u00e9n est\u00e1n presentes entre los ejecutivos. Pero no est\u00e1 de moda quejarse o tomarse un tiempo para uno mismo y\/o su familia. Esta situaci\u00f3n es bastante alarmante cuando sabemos que el futuro de la empresa y de sus empleados puede depender totalmente de la capacidad f\u00edsica e intelectual del directivo.\r\n\r\n&nbsp;\r\n\r\nEsta situaci\u00f3n afecta especialmente a los directivos de las PYMES y las VSE que, a diferencia de los directivos de las grandes empresas, tienen que estar en todos los frentes y la mayor\u00eda de las veces solos o casi solos.\r\n\r\n&nbsp;\r\n\r\nEs m\u00e1s, a los dirigentes generalmente no les gusta hablar de su salud. Tienen que estar por encima: \u00a1son indestructibles! Tienen que ganar y sus situaciones son incompatibles con la noci\u00f3n de sufrimiento. Por tanto, son especialmente vulnerables, ya que someten su cuerpo a m\u00faltiples y repetidas tensiones: infartos de miocardio o cerebrales, c\u00e1nceres, depresiones, agotamiento&#8230; son riesgos reales a los que tambi\u00e9n se exponen.\r\n\r\n&nbsp;\r\n\r\nEs necesario, por tanto, que el jefe de la empresa sea consciente de su propia salud y, por tanto, de la salud de sus empleados. Un director de empresa que cuida de su salud deber\u00eda cuidar tambi\u00e9n de la salud y el bienestar de sus empleados, desencadenando as\u00ed un c\u00edrculo virtuoso que es \u00fatil para todos, incluida la empresa.\r\n\r\n&nbsp;\r\n\r\nLos dirigentes de las empresas se enfrentan la mayor\u00eda de las veces a la teor\u00eda de las 3 D: <em>D\u00e9pression, D\u00e9p\u00f4t de bilan, Divorce<\/em> (Depresi\u00f3n, Quiebra, Divorcio) y, a veces, incluso una cuarta D, de <em>D\u00e9c\u00e8s<\/em> (Muerte), como ha escrito el especialista en la salud de los jefes, el Sr. Olivier TORRES, fundador de AMAROK, un observatorio de la salud de los directivos de las PYME.\r\n\r\n&nbsp;\r\n\r\nUna evaluaci\u00f3n y un tratamiento personalizados:\r\n\r\n&nbsp;\r\n\r\nCada persona es recibida individualmente y, tras una larga entrevista, se definir\u00e1 la evaluaci\u00f3n m\u00e1s adecuada en funci\u00f3n del estilo de vida, los antecedentes personales y familiares y el entorno. Cada evaluaci\u00f3n va seguida de una entrevista de s\u00edntesis para fijar los objetivos y proporcionar los medios para alcanzarlos. Porque m\u00e1s all\u00e1 de los consejos principales, que siempre son \u00fatiles, como \u00abcomer menos grasa, menos sal, menos az\u00facar\u00bb o simplemente \u00abmenos\u00bb, y \u00abhacer algo de deporte\u00bb, hay que saber adaptar los consejos al hombre o mujer que tenemos delante. Es esta personalizaci\u00f3n la que nos permite obtener resultados reales y no fracasos en serie que provocan des\u00e1nimo.\r\n\r\n&nbsp;\r\n\r\nAs\u00ed que en lugar de esperar a estar cansado, agotado, desanimado&#8230; tome las riendas.\t\t\t\t\t\t\t\t<\/div>\n\t\t\t\t<\/div>\n\t\t\t\t\t<\/div>\n\t\t<\/div>\n\t\t\t\t\t<\/div>\n\t\t<\/section>\n\t\t\t\t<\/div>\n\t\t","protected":false},"excerpt":{"rendered":"<p>SALUD Optimizar su capital de salud Su salud La salud es sin duda nuestro bien m\u00e1s preciado. Esto es algo que est\u00e1 generalmente aceptado. Pero \u00bfQu\u00e9 hacemos a diario, de manera personal o colectiva, para mantener o incluso mejorar nuestra salud? \u00bfQu\u00e9 es la \u00absalud\u00bb? La Organizaci\u00f3n Mundial de la Salud (OMS) la defini\u00f3 en [&hellip;]<\/p>\n","protected":false},"author":4,"featured_media":0,"parent":0,"menu_order":0,"comment_status":"closed","ping_status":"closed","template":"","meta":{"_acf_changed":false,"footnotes":""},"class_list":["post-2798","page","type-page","status-publish","hentry"],"acf":[],"jetpack_sharing_enabled":true,"_links":{"self":[{"href":"https:\/\/www.institut-prevention-sante-longevite.fr\/es\/wp-json\/wp\/v2\/pages\/2798","targetHints":{"allow":["GET"]}}],"collection":[{"href":"https:\/\/www.institut-prevention-sante-longevite.fr\/es\/wp-json\/wp\/v2\/pages"}],"about":[{"href":"https:\/\/www.institut-prevention-sante-longevite.fr\/es\/wp-json\/wp\/v2\/types\/page"}],"author":[{"embeddable":true,"href":"https:\/\/www.institut-prevention-sante-longevite.fr\/es\/wp-json\/wp\/v2\/users\/4"}],"replies":[{"embeddable":true,"href":"https:\/\/www.institut-prevention-sante-longevite.fr\/es\/wp-json\/wp\/v2\/comments?post=2798"}],"version-history":[{"count":5,"href":"https:\/\/www.institut-prevention-sante-longevite.fr\/es\/wp-json\/wp\/v2\/pages\/2798\/revisions"}],"predecessor-version":[{"id":5593,"href":"https:\/\/www.institut-prevention-sante-longevite.fr\/es\/wp-json\/wp\/v2\/pages\/2798\/revisions\/5593"}],"wp:attachment":[{"href":"https:\/\/www.institut-prevention-sante-longevite.fr\/es\/wp-json\/wp\/v2\/media?parent=2798"}],"curies":[{"name":"wp","href":"https:\/\/api.w.org\/{rel}","templated":true}]}}