{"id":195,"date":"2021-04-12T12:07:52","date_gmt":"2021-04-12T11:07:52","guid":{"rendered":"https:\/\/wordpress.alioze.com\/?page_id=195"},"modified":"2023-04-24T14:43:43","modified_gmt":"2023-04-24T13:43:43","slug":"nos-bilans","status":"publish","type":"page","link":"https:\/\/www.institut-prevention-sante-longevite.fr\/fr\/nos-bilans\/","title":{"rendered":"Nos Bilans"},"content":{"rendered":"\t\t<div data-elementor-type=\"wp-page\" data-elementor-id=\"195\" class=\"elementor elementor-195\" data-elementor-post-type=\"page\">\n\t\t\t\t\t\t<section class=\"elementor-section elementor-top-section elementor-element elementor-element-5887d1d0 elementor-section-full_width elementor-section-height-default elementor-section-height-default\" data-id=\"5887d1d0\" data-element_type=\"section\" data-e-type=\"section\">\n\t\t\t\t\t\t<div class=\"elementor-container elementor-column-gap-default\">\n\t\t\t\t\t<div class=\"elementor-column elementor-col-100 elementor-top-column elementor-element elementor-element-461340b1\" data-id=\"461340b1\" data-element_type=\"column\" data-e-type=\"column\">\n\t\t\t<div class=\"elementor-widget-wrap elementor-element-populated\">\n\t\t\t\t\t\t<div class=\"elementor-element elementor-element-1269c62a elementor-widget elementor-widget-image\" data-id=\"1269c62a\" data-element_type=\"widget\" data-e-type=\"widget\" data-widget_type=\"image.default\">\n\t\t\t\t<div class=\"elementor-widget-container\">\n\t\t\t\t\t\t\t\t\t\t\t\t\t\t\t<img decoding=\"async\" src=\"https:\/\/i0.wp.com\/www.institut-prevention-sante-longevite.fr\/wp-content\/uploads\/2022\/09\/Bilans-2.jpg?fit=1920%2C1080&#038;ssl=1\" title=\"IPSL bilans\" alt=\"Bilans\" loading=\"lazy\" \/>\t\t\t\t\t\t\t\t\t\t\t\t\t\t\t<\/div>\n\t\t\t\t<\/div>\n\t\t\t\t<div class=\"elementor-element elementor-element-c108ff9 elementor-absolute elementor-invisible elementor-widget elementor-widget-heading\" data-id=\"c108ff9\" data-element_type=\"widget\" data-e-type=\"widget\" data-settings=\"{&quot;_animation&quot;:&quot;fadeInLeft&quot;,&quot;_position&quot;:&quot;absolute&quot;}\" data-widget_type=\"heading.default\">\n\t\t\t\t<div class=\"elementor-widget-container\">\n\t\t\t\t\t<h1 class=\"elementor-heading-title elementor-size-xxl\">NOS BILANS<\/h1>\t\t\t\t<\/div>\n\t\t\t\t<\/div>\n\t\t\t\t\t<\/div>\n\t\t<\/div>\n\t\t\t\t\t<\/div>\n\t\t<\/section>\n\t\t\t\t<section class=\"elementor-section elementor-top-section elementor-element elementor-element-6c005f7d elementor-section-boxed elementor-section-height-default elementor-section-height-default\" data-id=\"6c005f7d\" data-element_type=\"section\" data-e-type=\"section\">\n\t\t\t\t\t\t<div class=\"elementor-container elementor-column-gap-custom\">\n\t\t\t\t\t<div class=\"elementor-column elementor-col-100 elementor-top-column elementor-element elementor-element-20afce30\" data-id=\"20afce30\" data-element_type=\"column\" data-e-type=\"column\">\n\t\t\t<div class=\"elementor-widget-wrap elementor-element-populated\">\n\t\t\t\t\t\t<div class=\"elementor-element elementor-element-69bf1062 elementor-widget elementor-widget-text-editor\" data-id=\"69bf1062\" data-element_type=\"widget\" data-e-type=\"widget\" data-widget_type=\"text-editor.default\">\n\t\t\t\t<div class=\"elementor-widget-container\">\n\t\t\t\t\t\t\t\t\t<p style=\"text-align: center;\">G\u00e9rer le Capital Sant\u00e9 d\u2019un \u00eatre humain, dans une vision d\u2019optimisation de la sant\u00e9 et de long\u00e9vit\u00e9, ne peut \u00e9videmment pas se faire au hasard !<\/p><p style=\"text-align: center;\">L&rsquo;Institut Pr\u00e9vention Sant\u00e9 Long\u00e9vit\u00e9 propose \u00e0 ses consultants 3 types de bilan de sant\u00e9 et de pr\u00e9vention bas\u00e9s sur des technologies de physiologie modernes. La physiologie \u00e9tant la science qui \u00e9tudie le fonctionnement normal du corps humain et qui permet son optimisation. Ce sont des techniques de haute technologie m\u00e9dicale adapt\u00e9es \u00e0 l\u2019\u00e9valuation physiologique.<\/p><p style=\"text-align: center;\">Le choix du type de bilan le plus adapt\u00e9 \u00e0 votre besoin se fait lors de la premi\u00e8re consultation avec un m\u00e9decin form\u00e9 \u00e0 la physiologie et \u00e0 la s\u00e9nescence humaine.<\/p><p style=\"text-align: center;\">Ces \u00e9valuations physiologiques sont propre \u00e0 notre \u00c9tablissement avec des appareils de haute technologie sp\u00e9cialement param\u00e9tr\u00e9s pour l&rsquo;Institut Pr\u00e9vention Sant\u00e9 Long\u00e9vit\u00e9, technologies regroup\u00e9es en un m\u00eame lieu. Ce plateau technique est unique en Europe.<\/p>\t\t\t\t\t\t\t\t<\/div>\n\t\t\t\t<\/div>\n\t\t\t\t\t<\/div>\n\t\t<\/div>\n\t\t\t\t\t<\/div>\n\t\t<\/section>\n\t\t\t\t<section class=\"elementor-section elementor-top-section elementor-element elementor-element-5ea18724 elementor-section-boxed elementor-section-height-default elementor-section-height-default\" data-id=\"5ea18724\" data-element_type=\"section\" data-e-type=\"section\">\n\t\t\t\t\t\t<div class=\"elementor-container elementor-column-gap-custom\">\n\t\t\t\t\t<div class=\"elementor-column elementor-col-33 elementor-top-column elementor-element elementor-element-60e57200\" data-id=\"60e57200\" data-element_type=\"column\" data-e-type=\"column\">\n\t\t\t<div class=\"elementor-widget-wrap elementor-element-populated\">\n\t\t\t\t\t\t<div class=\"elementor-element elementor-element-726e85f elementor-widget elementor-widget-heading\" data-id=\"726e85f\" data-element_type=\"widget\" data-e-type=\"widget\" data-widget_type=\"heading.default\">\n\t\t\t\t<div class=\"elementor-widget-container\">\n\t\t\t\t\t<h2 class=\"elementor-heading-title elementor-size-default\">Bilan de Base<\/h2>\t\t\t\t<\/div>\n\t\t\t\t<\/div>\n\t\t\t\t<div class=\"elementor-element elementor-element-3c25d81c elementor-widget elementor-widget-text-editor\" data-id=\"3c25d81c\" data-element_type=\"widget\" data-e-type=\"widget\" data-widget_type=\"text-editor.default\">\n\t\t\t\t<div class=\"elementor-widget-container\">\n\t\t\t\t\t\t\t\t\t<p>Il s\u2019agit d\u2019un bilan qui s&rsquo;adresse \u00e0 toutes les personnes qui souhaitent faire un point s\u00e9rieux sur leur Capital Sant\u00e9. Ce bilan de base comprends la mesure de param\u00e8tres sanguins et urinaires, une \u00e9valuations des principaux syst\u00e8mes physiologiques, une consultation m\u00e9dicale de synth\u00e8se, une consultation avec une di\u00e9t\u00e9ticienne sp\u00e9cialis\u00e9e et une s\u00e9ance avec notre coach sportif sp\u00e9cialis\u00e9 en sant\u00e9-long\u00e9vit\u00e9 ainsi qu&rsquo;un premier bilan radiofr\u00e9quence. L\u2019ensemble dure environ 6h30 au total (consultations incluses).<\/p><p>Le bilan de base comporte les examens suivants :<\/p><p><strong>Param\u00e8tres Biologiques :<\/strong><\/p><ul><li>Param\u00e8tres biologiques de base (h\u00e9matologie, fonction h\u00e9patique, fonction r\u00e9nale, etc&#8230;) que l\u2019on retrouve habituellement dans les \u00ab check up m\u00e9dicaux dit complet \u00bb.<\/li><li>Param\u00e8tres \u00e0 vis\u00e9e vasculaires (niveau base)<\/li><li>Param\u00e8tres du m\u00e9tabolisme glucidique (niveau base)<\/li><li>Param\u00e8tres du stress oxydant et la capacit\u00e9 antioxydante (niveau base)<\/li><li>Param\u00e8tres neuroendocriniens (niveau base)<\/li><li>M\u00e9tabolisme phosphocalcique<\/li><li>Param\u00e8tres pancr\u00e9atiques<\/li><li>Param\u00e8tres de l&rsquo;inflammation (niveau base)<\/li><li>Param\u00e8tres de l\u2019immunit\u00e9 (niveau base)<\/li><\/ul><div>\u00a0<\/div><p><strong>Param\u00e8tres Physiologiques<\/strong><\/p><ul><li>Mesures anthropom\u00e9triques<\/li><li>Mesure de la composition corporelle (masse grasse, masse grasse visc\u00e9rale, masse maigre, densit\u00e9 osseuse, etc)<\/li><li>Profil tensionnel au repos (pressions art\u00e9rielles systoliques, moyennes, diastoliques et fr\u00e9quence cardiaque) et \u00e0 l\u2019orthostatisme.<\/li><li>Etude de la rigidit\u00e9 art\u00e9rielle carotido-f\u00e9morale et carotido-radiale<br \/>\u2022 Etude des potentiels \u00e9voqu\u00e9s cognitifs<\/li><li>\u00c9lectrocardiogramme avec \u00e9valuation du syst\u00e8me de conduction<\/li><li>Epreuves fonctionnelles respiratoires avec oxym\u00e9trie<\/li><\/ul><p>L\u2019ensemble des r\u00e9sultats seront ensuite interpr\u00e9t\u00e9s en consultation de synth\u00e8se compl\u00e9t\u00e9e par une consultation avec notre di\u00e9t\u00e9ticienne sp\u00e9cialis\u00e9e et par une s\u00e9ance d\u2019\u00e9ducation physique \u00ab sant\u00e9 long\u00e9vit\u00e9 \u00bb avec notre coach et permettront de donner un ensemble de conseils personnalis\u00e9s et de fixer des objectifs adapt\u00e9s.<\/p>\t\t\t\t\t\t\t\t<\/div>\n\t\t\t\t<\/div>\n\t\t\t\t\t<\/div>\n\t\t<\/div>\n\t\t\t\t<div class=\"elementor-column elementor-col-33 elementor-top-column elementor-element elementor-element-6909af87\" data-id=\"6909af87\" data-element_type=\"column\" data-e-type=\"column\">\n\t\t\t<div class=\"elementor-widget-wrap elementor-element-populated\">\n\t\t\t\t\t\t<div class=\"elementor-element elementor-element-7cb91e50 elementor-widget elementor-widget-heading\" data-id=\"7cb91e50\" data-element_type=\"widget\" data-e-type=\"widget\" data-widget_type=\"heading.default\">\n\t\t\t\t<div class=\"elementor-widget-container\">\n\t\t\t\t\t<h2 class=\"elementor-heading-title elementor-size-default\">Bilan  Essentiel<\/h2>\t\t\t\t<\/div>\n\t\t\t\t<\/div>\n\t\t\t\t<div class=\"elementor-element elementor-element-2aa555dc elementor-widget elementor-widget-text-editor\" data-id=\"2aa555dc\" data-element_type=\"widget\" data-e-type=\"widget\" data-widget_type=\"text-editor.default\">\n\t\t\t\t<div class=\"elementor-widget-container\">\n\t\t\t\t\t\t\t\t\t<p style=\"text-align: justify;\">Ce bilan s&rsquo;adresse aux personnes qui souhaitent en savoir plus sur leur sant\u00e9 et qui d\u00e9sirent prendre en main leur long\u00e9vit\u00e9 au travers d&rsquo;un programme de pr\u00e9vention in\u00e9dit dans le monde.<br \/>Ce bilan essentiel dure environ 8 heures au total (consultations incluses).<br \/>Il comporte les examens suivants :<\/p><p><strong>Param\u00e8tres Biologiques :<\/strong><\/p><ul><li>Param\u00e8tres biologiques de base (h\u00e9matologie, fonction h\u00e9patique, fonction r\u00e9nale, etc&#8230;)<\/li><li>Param\u00e8tres \u00e0 vis\u00e9e vasculaire (niveau standard)<\/li><li>Param\u00e8tres du m\u00e9tabolisme glucidique (niveau standard)<\/li><li>Param\u00e8tres du stress oxydant et la capacit\u00e9 antioxydante (niveau standard)<br \/>\u2022 Param\u00e8tres neuroendocriniens (niveau standard)<\/li><li>M\u00e9tabolisme phosphocalcique<\/li><li>Param\u00e8tres du m\u00e9tabolisme pancr\u00e9atique<\/li><li>Param\u00e8tres du m\u00e9tabolisme musculaire<\/li><li>Param\u00e8tres de l&rsquo;inflammation (niveau standard)<\/li><li>Param\u00e8tres de l\u2019immunit\u00e9 (niveau standard)<\/li><\/ul><div>\u00a0<\/div><p><strong>Param\u00e8tres Physiologiques<\/strong><\/p><ul><li>Examen clinique<\/li><li>Mesures anthropom\u00e9triques<\/li><li>Mesure de la composition corporelle (masse grasse, masse grasse visc\u00e9rale, masse maigre, densit\u00e9 osseuse, etc)<\/li><li>Profil tensionnel au repos (pressions art\u00e9rielles systoliques, moyennes, diastoliques et fr\u00e9quence cardiaque) et \u00e0 l\u2019orthostatisme.<\/li><li>Etude de la rigidit\u00e9 art\u00e9rielle carotido-f\u00e9morale et carotido-radiale<\/li><li>Etude des r\u00e9sistances vasculaires art\u00e9rielles, du d\u00e9bit cardiaque, de la compliance aortique, etc.<\/li><li>Etude des potentiels \u00e9voqu\u00e9s cognitifs<\/li><li>\u00c9lectrocardiogramme avec \u00e9valuation du syst\u00e8me de conduction<\/li><li>Epreuves fonctionnelles respiratoires avec oxym\u00e9trie<\/li><li>Param\u00e8tres de l\u2019audition de 4 000 \u00e0 20 000 Hertz<\/li><li>Mesure des pressions intra-oculaires et de la compliance corn\u00e9enne<\/li><li>Test de m\u00e9moire<\/li><li>Param\u00e8tres cutan\u00e9es (hydratation, \u00e9paisseur du derme, vascularisation\u2026)<\/li><\/ul><p>L\u2019ensemble des r\u00e9sultats seront ensuite interpr\u00e9t\u00e9s en consultation de synth\u00e8se compl\u00e9t\u00e9e par une consultation avec notre di\u00e9t\u00e9ticienne et par une s\u00e9ance d\u2019\u00e9ducation physique \u00ab sant\u00e9 long\u00e9vit\u00e9 \u00bb avec notre coach et permettront de donner un ensemble de conseils personnalis\u00e9s et de fixer des objectifs adapt\u00e9s<\/p>\t\t\t\t\t\t\t\t<\/div>\n\t\t\t\t<\/div>\n\t\t\t\t\t<\/div>\n\t\t<\/div>\n\t\t\t\t<div class=\"elementor-column elementor-col-33 elementor-top-column elementor-element elementor-element-189d4597\" data-id=\"189d4597\" data-element_type=\"column\" data-e-type=\"column\">\n\t\t\t<div class=\"elementor-widget-wrap elementor-element-populated\">\n\t\t\t\t\t\t<div class=\"elementor-element elementor-element-9a54612 elementor-widget elementor-widget-heading\" data-id=\"9a54612\" data-element_type=\"widget\" data-e-type=\"widget\" data-widget_type=\"heading.default\">\n\t\t\t\t<div class=\"elementor-widget-container\">\n\t\t\t\t\t<h2 class=\"elementor-heading-title elementor-size-default\">Bilan Pr\u00e9mium<\/h2>\t\t\t\t<\/div>\n\t\t\t\t<\/div>\n\t\t\t\t<div class=\"elementor-element elementor-element-74f92dbd elementor-widget elementor-widget-text-editor\" data-id=\"74f92dbd\" data-element_type=\"widget\" data-e-type=\"widget\" data-widget_type=\"text-editor.default\">\n\t\t\t\t<div class=\"elementor-widget-container\">\n\t\t\t\t\t\t\t\t\t<p>Ce bilan est destin\u00e9 aux personnes en recherche de r\u00e9ponses pouss\u00e9es sur leur physiologie, leur Capital sant\u00e9 et leur aptitude \u00e0 vieillir le mieux possible. Ce bilan comprend un tr\u00e8s large \u00e9ventail d&rsquo;\u00e9valuations biologiques et physiologiques. Il int\u00e8gre des variables uniques, propres \u00e0 chaque individu, qui r\u00e9pondent \u00e0 des demandes sp\u00e9cifiques ou probl\u00e9matiques concr\u00e8tes de votre organisme. Ce bilan est unique au monde et n&rsquo;est r\u00e9alis\u00e9 nulle par ailleurs.<br>Ce bilan avanc\u00e9 dure environ 13 heures au total (consultations incluses) et comporte les examens suivants :<\/p>\n<p><strong>Param\u00e8tres Biologiques :<\/strong><\/p>\n<ul>\n<li>Param\u00e8tres biologiques de base (h\u00e9matologie, fonction h\u00e9patique, fonction r\u00e9nale, etc&#8230;) que l\u2019on retrouve habituellement dans les \u00ab check up m\u00e9dicaux dit complets \u00bb.<\/li>\n<li>Param\u00e8tres \u00e0 vis\u00e9e vasculaire (niveau avanc\u00e9)<\/li>\n<li>Param\u00e8tres du m\u00e9tabolisme glucidique (niveau avanc\u00e9)<\/li>\n<li>Param\u00e8tres du stress oxydant et la capacit\u00e9 antioxydante (niveau avanc\u00e9)<\/li>\n<li>Param\u00e8tres neuroendocriniens (niveau avanc\u00e9)<\/li>\n<li>Etude du m\u00e9tabolisme phosphocalcique<\/li>\n<li>Param\u00e8tres pancr\u00e9atiques<\/li>\n<li>Param\u00e8tres de l&rsquo;inflammation (niveau avanc\u00e9)<\/li>\n<li>Param\u00e8tres de l\u2019immunit\u00e9 (niveau avanc\u00e9)<\/li>\n<li>Param\u00e8tres cardiaques (niveau avanc\u00e9)<\/li>\n<li>Param\u00e8tres de la coagulation<\/li>\n<li>Profil des marqueurs tumoraux<\/li>\n<li>Intol\u00e9rances digestives<\/li>\n<li>Longueur des t\u00e9lom\u00e8res<\/li>\n<li>Param\u00e8tres allergiques<\/li>\n<li>Param\u00e8tres de neurotransmetteurs sanguins et urinaires<\/li>\n<li>Profil des m\u00e9taux lourds<\/li>\n<\/ul>\n<div>&nbsp;<\/div>\n<p><strong>Param\u00e8tres Physiologiques<\/strong><\/p>\n<ul>\n<li>Examen clinique<\/li>\n<li>Mesures anthropom\u00e9triques<\/li>\n<li>Mesure de la composition corporelle (masse grasse, masse grasse visc\u00e9rale, masse maigre, densit\u00e9 osseuse, etc)<\/li>\n<li>Profil tensionnel au repos (pressions art\u00e9rielles systoliques, moyennes, diastoliques et fr\u00e9quence cardiaque) et \u00e0 l\u2019orthostatisme.<\/li>\n<li>Etude de la rigidit\u00e9 art\u00e9rielle carotido-f\u00e9morale et carotido-radiale<\/li>\n<li>Etude des r\u00e9sistances vasculaires art\u00e9rielles, du d\u00e9bit cardiaque, de la compliance aortique, etc.<\/li>\n<li>Mesure degr\u00e9 de calcification aortique<\/li>\n<li>Potentiels \u00e9voqu\u00e9s cognitifs<\/li>\n<li>Potentiels \u00e9voqu\u00e9s visuels<\/li>\n<li>Cartographie c\u00e9r\u00e9brale avec \u00e9tude des spectres d\u2019activit\u00e9 c\u00e9r\u00e9brale par zones topographiques<\/li>\n<li>\u00c9lectrocardiogramme avec \u00e9valuation du syst\u00e8me de conduction<\/li>\n<li>Epreuves fonctionnelles respiratoires avec oxym\u00e9trie<\/li>\n<li>Param\u00e8tres de l\u2019audition de 4 000 \u00e0 20 000 Hertz<\/li>\n<li>Mesure des pressions intra-oculaires et de la compliance corn\u00e9enne<\/li>\n<li>Tests de m\u00e9moire et autres tests cognitifs<\/li>\n<li>Etude des param\u00e8tres cutan\u00e9es (hydratation, \u00e9paisseur du derme, vascularisation\u2026)<\/li>\n<li>Mesure du m\u00e9tabolisme de base<\/li>\n<li>Evaluation des profils cardiaque, tensionnel, respiratoire, art\u00e9riel et m\u00e9tabolique \u00e0 l\u2019effort.<\/li>\n<li>Etude des syst\u00e8mes art\u00e9riels par \u00e9cho-doppler<\/li>\n<li>Etudes holter ECG et Tensionnelles<\/li>\n<\/ul>\n<p>L\u2019ensemble des r\u00e9sultats seront ensuite interpr\u00e9t\u00e9s en consultation de synth\u00e8se longue compl\u00e9t\u00e9e par une consultation avec notre di\u00e9t\u00e9ticienne et par une s\u00e9ance d\u2019\u00e9ducation physique \u00ab sant\u00e9 long\u00e9vit\u00e9 \u00bb avec notre coach et permettront de donner un ensemble de conseils personnalis\u00e9s et de fixer des objectifs adapt\u00e9s.<\/p>\t\t\t\t\t\t\t\t<\/div>\n\t\t\t\t<\/div>\n\t\t\t\t\t<\/div>\n\t\t<\/div>\n\t\t\t\t\t<\/div>\n\t\t<\/section>\n\t\t\t\t<section class=\"elementor-section elementor-top-section elementor-element elementor-element-582124e7 elementor-section-boxed elementor-section-height-default elementor-section-height-default\" data-id=\"582124e7\" data-element_type=\"section\" data-e-type=\"section\">\n\t\t\t\t\t\t<div class=\"elementor-container elementor-column-gap-custom\">\n\t\t\t\t\t<div class=\"elementor-column elementor-col-100 elementor-top-column elementor-element elementor-element-553c437e\" data-id=\"553c437e\" data-element_type=\"column\" data-e-type=\"column\">\n\t\t\t<div class=\"elementor-widget-wrap elementor-element-populated\">\n\t\t\t\t\t\t<div class=\"elementor-element elementor-element-2553abd8 elementor-widget elementor-widget-heading\" data-id=\"2553abd8\" data-element_type=\"widget\" data-e-type=\"widget\" data-widget_type=\"heading.default\">\n\t\t\t\t<div class=\"elementor-widget-container\">\n\t\t\t\t\t<h4 class=\"elementor-heading-title elementor-size-default\">Vous pourrez choisir lors de votre premi\u00e8re consultation avec le m\u00e9decin le bilan qui vous est le plus adapt\u00e9 en fonction de vous-m\u00eame et des objectifs que vous souhaitez atteindre<\/h4>\t\t\t\t<\/div>\n\t\t\t\t<\/div>\n\t\t\t\t<div class=\"elementor-element elementor-element-74c2de1b elementor-widget elementor-widget-text-editor\" data-id=\"74c2de1b\" data-element_type=\"widget\" data-e-type=\"widget\" data-widget_type=\"text-editor.default\">\n\t\t\t\t<div class=\"elementor-widget-container\">\n\t\t\t\t\t\t\t\t\t<p style=\"text-align: center;\">L\u2019ensemble des donn\u00e9es personnelles collect\u00e9es sont totalement confidentielles et ne participent \u00e0 aucune base de donn\u00e9es nationale ou internationale. En revanche, ces donn\u00e9es apr\u00e8s anonymisation participent \u00e0 notre base de donn\u00e9es physiologiques qui s\u2019enrichit depuis plus de 25 ans et nous permet de vous donner les conseils les plus adapt\u00e9s en fonction de votre propre profil. Ces conseils sont r\u00e9guli\u00e8rement adapt\u00e9s en fonction des nouvelles donn\u00e9es de la science.<\/p>\t\t\t\t\t\t\t\t<\/div>\n\t\t\t\t<\/div>\n\t\t\t\t\t<\/div>\n\t\t<\/div>\n\t\t\t\t\t<\/div>\n\t\t<\/section>\n\t\t\t\t<\/div>\n\t\t","protected":false},"excerpt":{"rendered":"<p>NOS BILANS G\u00e9rer le Capital Sant\u00e9 d\u2019un \u00eatre humain, dans une vision d\u2019optimisation de la sant\u00e9 et de long\u00e9vit\u00e9, ne peut \u00e9videmment pas se faire au hasard ! L&rsquo;Institut Pr\u00e9vention Sant\u00e9 Long\u00e9vit\u00e9 propose \u00e0 ses consultants 3 types de bilan de sant\u00e9 et de pr\u00e9vention bas\u00e9s sur des technologies de physiologie modernes. La physiologie \u00e9tant [&hellip;]<\/p>\n","protected":false},"author":1,"featured_media":0,"parent":0,"menu_order":0,"comment_status":"closed","ping_status":"closed","template":"","meta":{"_acf_changed":false,"footnotes":""},"class_list":["post-195","page","type-page","status-publish","hentry"],"acf":[],"jetpack_sharing_enabled":true,"_links":{"self":[{"href":"https:\/\/www.institut-prevention-sante-longevite.fr\/fr\/wp-json\/wp\/v2\/pages\/195","targetHints":{"allow":["GET"]}}],"collection":[{"href":"https:\/\/www.institut-prevention-sante-longevite.fr\/fr\/wp-json\/wp\/v2\/pages"}],"about":[{"href":"https:\/\/www.institut-prevention-sante-longevite.fr\/fr\/wp-json\/wp\/v2\/types\/page"}],"author":[{"embeddable":true,"href":"https:\/\/www.institut-prevention-sante-longevite.fr\/fr\/wp-json\/wp\/v2\/users\/1"}],"replies":[{"embeddable":true,"href":"https:\/\/www.institut-prevention-sante-longevite.fr\/fr\/wp-json\/wp\/v2\/comments?post=195"}],"version-history":[{"count":97,"href":"https:\/\/www.institut-prevention-sante-longevite.fr\/fr\/wp-json\/wp\/v2\/pages\/195\/revisions"}],"predecessor-version":[{"id":3845,"href":"https:\/\/www.institut-prevention-sante-longevite.fr\/fr\/wp-json\/wp\/v2\/pages\/195\/revisions\/3845"}],"wp:attachment":[{"href":"https:\/\/www.institut-prevention-sante-longevite.fr\/fr\/wp-json\/wp\/v2\/media?parent=195"}],"curies":[{"name":"wp","href":"https:\/\/api.w.org\/{rel}","templated":true}]}}