{"id":665,"date":"2022-06-22T12:40:54","date_gmt":"2022-06-22T11:40:54","guid":{"rendered":"https:\/\/dev.institut-prevention-sante-longevite.fr\/?page_id=665"},"modified":"2023-04-25T08:53:38","modified_gmt":"2023-04-25T07:53:38","slug":"philosophie","status":"publish","type":"page","link":"https:\/\/www.institut-prevention-sante-longevite.fr\/fr\/philosophie\/","title":{"rendered":"Philosophie"},"content":{"rendered":"\t\t<div data-elementor-type=\"wp-page\" data-elementor-id=\"665\" class=\"elementor elementor-665\" data-elementor-post-type=\"page\">\n\t\t\t\t\t\t<section class=\"elementor-section elementor-top-section elementor-element elementor-element-28df722 elementor-section-full_width elementor-section-height-default elementor-section-height-default\" data-id=\"28df722\" data-element_type=\"section\" data-e-type=\"section\">\n\t\t\t\t\t\t<div class=\"elementor-container elementor-column-gap-default\">\n\t\t\t\t\t<div class=\"elementor-column elementor-col-100 elementor-top-column elementor-element elementor-element-2bd6e92d\" data-id=\"2bd6e92d\" data-element_type=\"column\" data-e-type=\"column\">\n\t\t\t<div class=\"elementor-widget-wrap elementor-element-populated\">\n\t\t\t\t\t\t<div class=\"elementor-element elementor-element-4cd2a629 elementor-widget elementor-widget-image\" data-id=\"4cd2a629\" data-element_type=\"widget\" data-e-type=\"widget\" data-widget_type=\"image.default\">\n\t\t\t\t<div class=\"elementor-widget-container\">\n\t\t\t\t\t\t\t\t\t\t\t\t\t\t\t<img fetchpriority=\"high\" decoding=\"async\" width=\"1920\" height=\"1080\" src=\"https:\/\/i0.wp.com\/www.institut-prevention-sante-longevite.fr\/wp-content\/uploads\/2022\/09\/image-philosophie.jpg?fit=1920%2C1080&amp;ssl=1\" class=\"attachment-full size-full wp-image-1886\" alt=\"vivre en meilleures sant\u00e9\" srcset=\"https:\/\/i0.wp.com\/www.institut-prevention-sante-longevite.fr\/wp-content\/uploads\/2022\/09\/image-philosophie.jpg?w=1920&amp;ssl=1 1920w, https:\/\/i0.wp.com\/www.institut-prevention-sante-longevite.fr\/wp-content\/uploads\/2022\/09\/image-philosophie.jpg?resize=300%2C169&amp;ssl=1 300w, https:\/\/i0.wp.com\/www.institut-prevention-sante-longevite.fr\/wp-content\/uploads\/2022\/09\/image-philosophie.jpg?resize=1024%2C576&amp;ssl=1 1024w, https:\/\/i0.wp.com\/www.institut-prevention-sante-longevite.fr\/wp-content\/uploads\/2022\/09\/image-philosophie.jpg?resize=768%2C432&amp;ssl=1 768w, https:\/\/i0.wp.com\/www.institut-prevention-sante-longevite.fr\/wp-content\/uploads\/2022\/09\/image-philosophie.jpg?resize=1536%2C864&amp;ssl=1 1536w, https:\/\/i0.wp.com\/www.institut-prevention-sante-longevite.fr\/wp-content\/uploads\/2022\/09\/image-philosophie.jpg?w=1600&amp;ssl=1 1600w\" sizes=\"(max-width: 800px) 100vw, 800px\" \/>\t\t\t\t\t\t\t\t\t\t\t\t\t\t\t<\/div>\n\t\t\t\t<\/div>\n\t\t\t\t<div class=\"elementor-element elementor-element-c94292c elementor-absolute elementor-invisible elementor-widget elementor-widget-heading\" data-id=\"c94292c\" data-element_type=\"widget\" data-e-type=\"widget\" data-settings=\"{&quot;_animation&quot;:&quot;fadeInLeft&quot;,&quot;_position&quot;:&quot;absolute&quot;}\" data-widget_type=\"heading.default\">\n\t\t\t\t<div class=\"elementor-widget-container\">\n\t\t\t\t\t<h1 class=\"elementor-heading-title elementor-size-xxl\">PHILOSOPHIE<\/h1>\t\t\t\t<\/div>\n\t\t\t\t<\/div>\n\t\t\t\t\t<\/div>\n\t\t<\/div>\n\t\t\t\t\t<\/div>\n\t\t<\/section>\n\t\t\t\t<section class=\"elementor-section elementor-top-section elementor-element elementor-element-9ebcbe4 elementor-section-boxed elementor-section-height-default elementor-section-height-default\" data-id=\"9ebcbe4\" data-element_type=\"section\" data-e-type=\"section\">\n\t\t\t\t\t\t<div class=\"elementor-container elementor-column-gap-default\">\n\t\t\t\t\t<div class=\"elementor-column elementor-col-100 elementor-top-column elementor-element elementor-element-568930b\" data-id=\"568930b\" data-element_type=\"column\" data-e-type=\"column\">\n\t\t\t<div class=\"elementor-widget-wrap elementor-element-populated\">\n\t\t\t\t\t\t<div class=\"elementor-element elementor-element-c624d32 elementor-widget elementor-widget-heading\" data-id=\"c624d32\" data-element_type=\"widget\" data-e-type=\"widget\" data-widget_type=\"heading.default\">\n\t\t\t\t<div class=\"elementor-widget-container\">\n\t\t\t\t\t<h3 class=\"elementor-heading-title elementor-size-default\">Philosophie<\/h3>\t\t\t\t<\/div>\n\t\t\t\t<\/div>\n\t\t\t\t<div class=\"elementor-element elementor-element-7d95341 elementor-widget elementor-widget-heading\" data-id=\"7d95341\" data-element_type=\"widget\" data-e-type=\"widget\" data-widget_type=\"heading.default\">\n\t\t\t\t<div class=\"elementor-widget-container\">\n\t\t\t\t\t<h2 class=\"elementor-heading-title elementor-size-default\">VIVRE PLUS LONGTEMPS EN MEILLEURE SANTE !<\/h2>\t\t\t\t<\/div>\n\t\t\t\t<\/div>\n\t\t\t\t<div class=\"elementor-element elementor-element-defcb7f elementor-widget elementor-widget-text-editor\" data-id=\"defcb7f\" data-element_type=\"widget\" data-e-type=\"widget\" data-widget_type=\"text-editor.default\">\n\t\t\t\t<div class=\"elementor-widget-container\">\n\t\t\t\t\t\t\t\t\t<p>Notre sant\u00e9 se d\u00e9grade d\u00e8s la fin de l\u2019adolescence, de fa\u00e7on insidieuse et fragilise nos diff\u00e9rents syst\u00e8mes physiologiques faisant ainsi le lit des maladies.<br \/>N\u2019attendons pas d\u2019\u00eatre malade, agissons en amont et corrigeons les d\u00e9ficits qui s\u2019installent dans notre organisme en fonction de notre s\u00e9nescence,\u00a0de notre mode de vie et de notre environnement.<\/p><p>L&rsquo;Institut Pr\u00e9vention Sant\u00e9 Long\u00e9vit\u00e9 a pour vocation d&rsquo;aider ses consultants \u00e0 vivre <a href=\"https:\/\/www.institut-prevention-sante-longevite.fr\/fr\/longevite\/\">une vie plus longue<\/a> et en <a href=\"https:\/\/www.institut-prevention-sante-longevite.fr\/fr\/sante\/\">meilleure sant\u00e9<\/a> .<\/p>\t\t\t\t\t\t\t\t<\/div>\n\t\t\t\t<\/div>\n\t\t\t\t\t<\/div>\n\t\t<\/div>\n\t\t\t\t\t<\/div>\n\t\t<\/section>\n\t\t\t\t<section class=\"elementor-section elementor-top-section elementor-element elementor-element-4967b50 elementor-section-boxed elementor-section-height-default elementor-section-height-default\" data-id=\"4967b50\" data-element_type=\"section\" data-e-type=\"section\">\n\t\t\t\t\t\t<div class=\"elementor-container elementor-column-gap-default\">\n\t\t\t\t\t<div class=\"elementor-column elementor-col-50 elementor-top-column elementor-element elementor-element-93222b5\" data-id=\"93222b5\" data-element_type=\"column\" data-e-type=\"column\">\n\t\t\t<div class=\"elementor-widget-wrap elementor-element-populated\">\n\t\t\t\t\t\t<div class=\"elementor-element elementor-element-b1809d7 elementor-widget elementor-widget-heading\" data-id=\"b1809d7\" data-element_type=\"widget\" data-e-type=\"widget\" data-widget_type=\"heading.default\">\n\t\t\t\t<div class=\"elementor-widget-container\">\n\t\t\t\t\t<h3 class=\"elementor-heading-title elementor-size-default\">Vers une Nouvelle Philosophie de Vie<\/h3>\t\t\t\t<\/div>\n\t\t\t\t<\/div>\n\t\t\t\t<div class=\"elementor-element elementor-element-efb6463 elementor-widget elementor-widget-heading\" data-id=\"efb6463\" data-element_type=\"widget\" data-e-type=\"widget\" data-widget_type=\"heading.default\">\n\t\t\t\t<div class=\"elementor-widget-container\">\n\t\t\t\t\t<h2 class=\"elementor-heading-title elementor-size-default\">VOUS VOUS SENTIREZ MIEUX ET CE PLUS LONGTEMPS<\/h2>\t\t\t\t<\/div>\n\t\t\t\t<\/div>\n\t\t\t\t<div class=\"elementor-element elementor-element-7cf2d17 elementor-widget elementor-widget-text-editor\" data-id=\"7cf2d17\" data-element_type=\"widget\" data-e-type=\"widget\" data-widget_type=\"text-editor.default\">\n\t\t\t\t<div class=\"elementor-widget-container\">\n\t\t\t\t\t\t\t\t\t<p style=\"text-align: justify;\">Juste voir les ann\u00e9es d\u00e9filer et attendre ou souhaiter la retraite en esp\u00e9rant na\u00efvement \u00e9chapper aux maladies est une vision de la vie qui doit \u00eatre r\u00e9solument obsol\u00e8te. Nous pouvons et devons \u00eatre des acteurs de notre sant\u00e9. Cette sant\u00e9 qui est notre bien le plus pr\u00e9cieux, doit-on toujours le rappeler. \u00catre en bonne sant\u00e9, comme l\u2019a dit justement<br \/>l\u2019Organisation Mondiale de la Sant\u00e9 en 1946, ce n\u2019est pas juste ne pas \u00eatre malade, c\u2019est \u00eatre en pleine possession de l\u2019ensemble de ses moyens physiques et psychiques. C\u2019est en fait lutter contre la s\u00e9nescence<br \/>qui nous d\u00e9grade\u00a0 insidieusement depuis la fin de notre adolescence. Oui, \u00e0 50 ans, vous n\u2019avez plus 20 ans, ni d\u2019ailleurs, 30 ou 40 ans. A 50 ans, \u00e0 60 ans, vous pouvez toujours travailler, avoir une activit\u00e9 sportive, aimer,<br \/>faire des projets, mais c\u2019est diff\u00e9rent. Le temps qui reste&#8230; ou plut\u00f4t le temps utile aux projets, s\u2019amenuise, se r\u00e9duit&#8230; Et la r\u00e9action la plus habituelle, la plus classique est le d\u00e9ni. Vous \u00eates depuis longtemps sur une pente et vous ne cessez d\u2019acc\u00e9l\u00e9rer vers le bas. Prenez conscience<br \/>de cela, prenez conscience de la d\u00e9gradation progressive et insidieuse de vos capacit\u00e9s et cessez de vous dire \u00ab mais je suis mieux que mes\u00a0amis de mon \u00e2ge&#8230; \u00bb.<\/p><p style=\"text-align: justify;\">Une nouvelle philosophie de vie signifie prendre conscience de ce que vous \u00eates physiologiquement parlant, comprendre ce qu\u2019est votre Capital sant\u00e9 et apprendre \u00e0 la g\u00e9rer pour l\u2019optimiser. Avoir \u00e0 50 ans, des capacit\u00e9s de 30 ans est possibles. Pourquoi s\u2019en priver ? Apprendre \u00e0 penser diff\u00e9remment, apprendre que le vieillissement n\u2019est rien qu\u2019un marqueur du temps qui passe et non le reflet de votre s\u00e9nescence, apprendre \u00e0 g\u00e9rer votre temps, votre nutrition et pas simplement consommer, apprendre \u00e0 g\u00e9rer une activit\u00e9 sportive et pas seulement transpirer, corriger les d\u00e9ficits qui apparaissent dans votre organisme&#8230; tout cela permettra de mettre toutes les chances de votre c\u00f4t\u00e9 pour vivre en pleine sant\u00e9, plus longtemps.\u00a0<\/p>\t\t\t\t\t\t\t\t<\/div>\n\t\t\t\t<\/div>\n\t\t\t\t\t<\/div>\n\t\t<\/div>\n\t\t\t\t<div class=\"elementor-column elementor-col-50 elementor-top-column elementor-element elementor-element-f13f145\" data-id=\"f13f145\" data-element_type=\"column\" data-e-type=\"column\">\n\t\t\t<div class=\"elementor-widget-wrap elementor-element-populated\">\n\t\t\t\t\t\t<div class=\"elementor-element elementor-element-4b90c52 elementor-widget elementor-widget-heading\" data-id=\"4b90c52\" data-element_type=\"widget\" data-e-type=\"widget\" data-widget_type=\"heading.default\">\n\t\t\t\t<div class=\"elementor-widget-container\">\n\t\t\t\t\t<h3 class=\"elementor-heading-title elementor-size-default\">Vers une Nouvelle Philosophie du Travail<\/h3>\t\t\t\t<\/div>\n\t\t\t\t<\/div>\n\t\t\t\t<div class=\"elementor-element elementor-element-39213e6 elementor-widget elementor-widget-heading\" data-id=\"39213e6\" data-element_type=\"widget\" data-e-type=\"widget\" data-widget_type=\"heading.default\">\n\t\t\t\t<div class=\"elementor-widget-container\">\n\t\t\t\t\t<h2 class=\"elementor-heading-title elementor-size-default\">NOUS VOUS ACCOMPAGNONS ET TROUVONS\nPOUR VOUS DES SOLUTIONS<\/h2>\t\t\t\t<\/div>\n\t\t\t\t<\/div>\n\t\t\t\t<div class=\"elementor-element elementor-element-5be26fd elementor-widget elementor-widget-text-editor\" data-id=\"5be26fd\" data-element_type=\"widget\" data-e-type=\"widget\" data-widget_type=\"text-editor.default\">\n\t\t\t\t<div class=\"elementor-widget-container\">\n\t\t\t\t\t\t\t\t\t<p style=\"text-align: center;\"><strong>Partenariat Entreprises<\/strong><\/p>\n<p style=\"text-align: justify;\">Travailler pour juste obtenir un salaire permettant de subvenir \u00e0 ses besoins est socialement convenable, mais r\u00e9solument d\u00e9pass\u00e9. Nous passons un tiers de nos 24 heures au travail et parfois plus et beaucoup plus, si l\u2019on compte les temps de trajet. Cette longue p\u00e9riode de notre vie doit participer \u00e0 une meilleure gestion de notre Capital sant\u00e9 en total accord avec votre employeur. Une meilleure sant\u00e9 au travail implique une meilleure efficacit\u00e9 et une plus grande durabilit\u00e9. Quelle soci\u00e9t\u00e9 peut rester indiff\u00e9rente \u00e0 cette probl\u00e9matique ? Bien s\u00fbr, certaines soci\u00e9t\u00e9s pr\u00e9f\u00e9reront avoir une vision classique d\u2019achat d\u2019une force de travail&nbsp;(jusqu\u2019\u00e0 \u00e9puisement), mais d\u2019autres, au contraire, souhaiteront participer&nbsp;\u00e0 une meilleure gestion du Capital sant\u00e9 de leurs collaborateurs, en favorisant leur participation \u00e0 des programmes adapt\u00e9s et personnalis\u00e9s d\u2019optimisation.<\/p>\n<p style=\"text-align: justify;\">En mettant \u00e0 disposition de vos cadres dirigeants les prestations sant\u00e9 de&nbsp;notre Institut, vous les valoriserez et leur permettrez d&rsquo;\u00eatre en meilleure sant\u00e9, plus efficaces, plus longtemps. Vous vous inscrirez ainsi dans une&nbsp;d\u00e9marche de bien-\u00eatre au travail, notion devenue si pr\u00e9cieuse au fil des ans.<\/p>\n<p style=\"text-align: center;\">Si vous \u00eates une entreprise et d\u00e9sirez mettre en place un partenariat sant\u00e9 avec nous :<br>Tel : + 33 7 67 65 09 50<br>vd@institut-prevention-sante-longevite.fr<\/p>\t\t\t\t\t\t\t\t<\/div>\n\t\t\t\t<\/div>\n\t\t\t\t\t<\/div>\n\t\t<\/div>\n\t\t\t\t\t<\/div>\n\t\t<\/section>\n\t\t\t\t<section class=\"elementor-section elementor-top-section elementor-element elementor-element-037dac0 elementor-section-boxed elementor-section-height-default elementor-section-height-default\" data-id=\"037dac0\" data-element_type=\"section\" data-e-type=\"section\">\n\t\t\t\t\t\t<div class=\"elementor-container elementor-column-gap-default\">\n\t\t\t\t\t<div class=\"elementor-column elementor-col-100 elementor-top-column elementor-element elementor-element-8014adb\" data-id=\"8014adb\" data-element_type=\"column\" data-e-type=\"column\">\n\t\t\t<div class=\"elementor-widget-wrap\">\n\t\t\t\t\t\t\t<\/div>\n\t\t<\/div>\n\t\t\t\t\t<\/div>\n\t\t<\/section>\n\t\t\t\t<\/div>\n\t\t","protected":false},"excerpt":{"rendered":"<p>PHILOSOPHIE Philosophie VIVRE PLUS LONGTEMPS EN MEILLEURE SANTE ! Notre sant\u00e9 se d\u00e9grade d\u00e8s la fin de l\u2019adolescence, de fa\u00e7on insidieuse et fragilise nos diff\u00e9rents syst\u00e8mes physiologiques faisant ainsi le lit des maladies.N\u2019attendons pas d\u2019\u00eatre malade, agissons en amont et corrigeons les d\u00e9ficits qui s\u2019installent dans notre organisme en fonction de notre s\u00e9nescence,\u00a0de notre mode [&hellip;]<\/p>\n","protected":false},"author":4,"featured_media":0,"parent":0,"menu_order":0,"comment_status":"closed","ping_status":"closed","template":"","meta":{"_acf_changed":false,"footnotes":""},"class_list":["post-665","page","type-page","status-publish","hentry"],"acf":[],"jetpack_sharing_enabled":true,"_links":{"self":[{"href":"https:\/\/www.institut-prevention-sante-longevite.fr\/fr\/wp-json\/wp\/v2\/pages\/665","targetHints":{"allow":["GET"]}}],"collection":[{"href":"https:\/\/www.institut-prevention-sante-longevite.fr\/fr\/wp-json\/wp\/v2\/pages"}],"about":[{"href":"https:\/\/www.institut-prevention-sante-longevite.fr\/fr\/wp-json\/wp\/v2\/types\/page"}],"author":[{"embeddable":true,"href":"https:\/\/www.institut-prevention-sante-longevite.fr\/fr\/wp-json\/wp\/v2\/users\/4"}],"replies":[{"embeddable":true,"href":"https:\/\/www.institut-prevention-sante-longevite.fr\/fr\/wp-json\/wp\/v2\/comments?post=665"}],"version-history":[{"count":72,"href":"https:\/\/www.institut-prevention-sante-longevite.fr\/fr\/wp-json\/wp\/v2\/pages\/665\/revisions"}],"predecessor-version":[{"id":3851,"href":"https:\/\/www.institut-prevention-sante-longevite.fr\/fr\/wp-json\/wp\/v2\/pages\/665\/revisions\/3851"}],"wp:attachment":[{"href":"https:\/\/www.institut-prevention-sante-longevite.fr\/fr\/wp-json\/wp\/v2\/media?parent=665"}],"curies":[{"name":"wp","href":"https:\/\/api.w.org\/{rel}","templated":true}]}}